{"id":11506,"date":"2025-09-03T13:46:15","date_gmt":"2025-09-03T11:46:15","guid":{"rendered":"https:\/\/www.romanoconte.photos\/?page_id=11506"},"modified":"2025-10-02T16:33:14","modified_gmt":"2025-10-02T14:33:14","slug":"verify-coa","status":"publish","type":"page","link":"https:\/\/www.romanoconte.photos\/fr\/verify-coa\/","title":{"rendered":"V\u00e9rification COA"},"content":{"rendered":"<p>[et_pb_section fb_built=\u00a0\u00bb1&Prime; admin_label=\u00a0\u00bbsection\u00a0\u00bb module_id=\u00a0\u00bbportfolio\u00a0\u00bb _builder_version=\u00a0\u00bb4.27.4&Prime; background_color=\u00a0\u00bb#000000&Prime; background_image=\u00a0\u00bbhttps:\/\/www.romanoconte.photos\/wp-content\/uploads\/2025\/09\/COA-Seal.png\u00a0\u00bb background_size=\u00a0\u00bbcustom\u00a0\u00bb background_image_width=\u00a0\u00bb12%\u00a0\u00bb background_position=\u00a0\u00bbbottom_right\u00a0\u00bb background_horizontal_offset=\u00a0\u00bb7%\u00a0\u00bb background_vertical_offset=\u00a0\u00bb6%\u00a0\u00bb custom_padding=\u00a0\u00bb33px|0px|33px|0px||\u00a0\u00bb background_last_edited=\u00a0\u00bbon|desktop\u00a0\u00bb background_enable_image_tablet=\u00a0\u00bboff\u00a0\u00bb background_image_width_tablet=\u00a0\u00bb12%\u00a0\u00bb background_position_tablet=\u00a0\u00bbbottom_center\u00a0\u00bb transparent_background=\u00a0\u00bboff\u00a0\u00bb make_fullwidth=\u00a0\u00bboff\u00a0\u00bb use_custom_width=\u00a0\u00bboff\u00a0\u00bb width_unit=\u00a0\u00bboff\u00a0\u00bb custom_width_px=\u00a0\u00bb1080px\u00a0\u00bb custom_width_percent=\u00a0\u00bb80%\u00a0\u00bb global_colors_info=\u00a0\u00bb{}\u00a0\u00bb][et_pb_row custom_padding_last_edited=\u00a0\u00bbon|desktop\u00a0\u00bb admin_label=\u00a0\u00bbligne\u00a0\u00bb _builder_version=\u00a0\u00bb4.20.0&Prime; background_size=\u00a0\u00bbinitial\u00a0\u00bb background_position=\u00a0\u00bbtop_left\u00a0\u00bb background_repeat=\u00a0\u00bbrepeat\u00a0\u00bb custom_padding=\u00a0\u00bb0px|0px|0px|0px\u00a0\u00bb custom_padding_tablet=\u00a0\u00bb\u00a0\u00bb custom_padding_phone=\u00a0\u00bb\u00a0\u00bb make_fullwidth=\u00a0\u00bboff\u00a0\u00bb use_custom_width=\u00a0\u00bbon\u00a0\u00bb width_unit=\u00a0\u00bbon\u00a0\u00bb custom_width_px=\u00a0\u00bb1080px\u00a0\u00bb custom_width_percent=\u00a0\u00bb80%\u00a0\u00bb global_colors_info=\u00a0\u00bb{}\u00a0\u00bb][et_pb_column type=\u00a0\u00bb4_4&Prime; _builder_version=\u00a0\u00bb4.16&Prime; custom_padding=\u00a0\u00bb|||\u00a0\u00bb global_colors_info=\u00a0\u00bb{}\u00a0\u00bb custom_padding__hover=\u00a0\u00bb|||\u00a0\u00bb][et_pb_text content_tablet=\u00a0\u00bb<\/p>\n<h2 style=%22text-align: center;%22><span style=%22color: #ffffff;%22>V\u00e9rification COA<\/span><\/h2>\n<p>\u00a0\u00bb content_phone=\u00a0\u00bb<\/p>\n<h3 style=%22text-align: center;%22><span style=%22color: #ffffff;%22>V\u00e9rification COA<\/span><\/h3>\n<p>\u00a0\u00bb content_last_edited=\u00a0\u00bbon|phone\u00a0\u00bb disabled_on=\u00a0\u00bboff|off|off\u00a0\u00bb admin_label=\u00a0\u00bbText\u00a0\u00bb _builder_version=\u00a0\u00bb4.27.4&Prime; text_font=\u00a0\u00bbAlbert Sans||||||||\u00a0\u00bb header_text_align=\u00a0\u00bbcenter\u00a0\u00bb background_size=\u00a0\u00bbinitial\u00a0\u00bb background_position=\u00a0\u00bbtop_left\u00a0\u00bb background_repeat=\u00a0\u00bbrepeat\u00a0\u00bb text_orientation=\u00a0\u00bbcenter\u00a0\u00bb module_alignment=\u00a0\u00bbcenter\u00a0\u00bb custom_margin=\u00a0\u00bb||||false|false\u00a0\u00bb custom_margin_tablet=\u00a0\u00bb\u00a0\u00bb custom_margin_phone=\u00a0\u00bb|||0px\u00a0\u00bb custom_margin_last_edited=\u00a0\u00bbon|phone\u00a0\u00bb hover_enabled=\u00a0\u00bb0&Prime; use_border_color=\u00a0\u00bboff\u00a0\u00bb border_style=\u00a0\u00bbsolid\u00a0\u00bb global_colors_info=\u00a0\u00bb{}\u00a0\u00bb header_font=\u00a0\u00bbAlbert Sans||||||||\u00a0\u00bb header_2_font=\u00a0\u00bbAlbert Sans||||||||\u00a0\u00bb header_3_font=\u00a0\u00bbAlbert Sans||||||||\u00a0\u00bb sticky_enabled=\u00a0\u00bb0&Prime;]<\/p>\n<h1 style=\"text-align: center;\"><span style=\"color: #ffffff;\">V\u00e9rification COA<\/span><\/h1>\n<p>[\/et_pb_text][\/et_pb_column][\/et_pb_row][et_pb_row use_custom_gutter=\u00a0\u00bbon\u00a0\u00bb gutter_width=\u00a0\u00bb2&Prime; admin_label=\u00a0\u00bbligne\u00a0\u00bb _builder_version=\u00a0\u00bb4.16&Prime; background_size=\u00a0\u00bbinitial\u00a0\u00bb background_position=\u00a0\u00bbtop_left\u00a0\u00bb background_repeat=\u00a0\u00bbrepeat\u00a0\u00bb custom_padding=\u00a0\u00bb33px|0px|0px|0px||\u00a0\u00bb make_fullwidth=\u00a0\u00bboff\u00a0\u00bb use_custom_width=\u00a0\u00bbon\u00a0\u00bb width_unit=\u00a0\u00bbon\u00a0\u00bb custom_width_px=\u00a0\u00bb1080px\u00a0\u00bb custom_width_percent=\u00a0\u00bb80%\u00a0\u00bb global_colors_info=\u00a0\u00bb{}\u00a0\u00bb][et_pb_column type=\u00a0\u00bb4_4&Prime; _builder_version=\u00a0\u00bb4.16&Prime; custom_padding=\u00a0\u00bb|||\u00a0\u00bb global_colors_info=\u00a0\u00bb{}\u00a0\u00bb custom_padding__hover=\u00a0\u00bb|||\u00a0\u00bb][et_pb_text _builder_version=\u00a0\u00bb4.27.4&Prime; _module_preset=\u00a0\u00bbdefault\u00a0\u00bb text_font=\u00a0\u00bbAlbert Sans||||||||\u00a0\u00bb text_text_color=\u00a0\u00bb#c4c4c4&Prime; text_font_size=\u00a0\u00bb16px\u00a0\u00bb text_orientation=\u00a0\u00bbcenter\u00a0\u00bb custom_margin=\u00a0\u00bb-2px||||false|false\u00a0\u00bb global_colors_info=\u00a0\u00bb{}\u00a0\u00bb]<\/p>\n<p>Bienvenue dans l\u2019<strong>outil de v\u00e9rification de Certificats d\u2019authenticit\u00e9<\/strong>. Veuillez saisir votre <strong>identifiant du certificat (Certification ID)<\/strong> et <strong>code secret (Secret Code)<\/strong>, tous deux figurant sur votre certificat, afin de v\u00e9rifier son authenticit\u00e9 et de consulter son statut actuel.Veuillez noter que le champ du code secret est <strong>sensible \u00e0 la casse et aux chiffres<\/strong>.<\/p>\n<p>[\/et_pb_text][et_pb_code admin_label=\u00a0\u00bbVerifyCOA shortcode\u00a0\u00bb _builder_version=\u00a0\u00bb4.27.4&Prime; _module_preset=\u00a0\u00bbdefault\u00a0\u00bb custom_margin=\u00a0\u00bb-180px||44px||false|false\u00a0\u00bb global_colors_info=\u00a0\u00bb{}\u00a0\u00bb]  <div class=\"rc-coa rc-coa-verify\">\r\n    <form class=\"rc-coa-form\" method=\"post\" novalidate>\r\n      <input type=\"hidden\" id=\"rc_coa_nonce\" name=\"rc_coa_nonce\" value=\"fefe5ade73\" \/><input type=\"hidden\" name=\"_wp_http_referer\" value=\"\/fr\/wp-json\/wp\/v2\/pages\/11506\" \/>      <label class=\"rc-field\">\r\n        <span class=\"rc-label\">Certification ID<\/span>\r\n        <input class=\"rc-input\" type=\"text\" name=\"cert_id\"\r\n          placeholder=\"RC20xx-xxxxx-xxxxx-xxxxx-xxxxx\"\r\n          inputmode=\"latin-prose\"\r\n          autocapitalize=\"characters\"\r\n          pattern=\"^RC\\d{4}-(\\d{5}-){2,3}\\d{5}$\"\r\n          title=\"Use format RC20xx-xxxxx-xxxxx-xxxxx-xxxxx (new) or RC20xx-xxxxx-xxxxx-xxxxx (old).\"\r\n          required>\r\n      <\/label>\r\n\r\n      <label class=\"rc-field\">\r\n        <span class=\"rc-label\">Secret Code<\/span>\r\n        <input class=\"rc-input\" type=\"text\" name=\"secret\"\r\n          placeholder=\"Code alphanum\u00e9rique \u00e0 12 caract\u00e8res\"\r\n          required>\r\n      <\/label>\r\n\r\n      <button class=\"rc-btn\" type=\"submit\">V\u00e9rifier<\/button>\r\n\r\n          <\/form>\r\n  <\/div>\r\n  <!-- [et_pb_line_break_holder] -->[\/et_pb_code][et_pb_text _builder_version=\u00a0\u00bb4.27.4&Prime; _module_preset=\u00a0\u00bbdefault\u00a0\u00bb text_font=\u00a0\u00bbAlbert Sans|700|||||||\u00a0\u00bb text_text_color=\u00a0\u00bb#c4c4c4&Prime; text_font_size=\u00a0\u00bb18px\u00a0\u00bb text_orientation=\u00a0\u00bbcenter\u00a0\u00bb custom_margin=\u00a0\u00bb||20px||false|false\u00a0\u00bb global_colors_info=\u00a0\u00bb{}\u00a0\u00bb]D\u00e9claration relative \u00e0 la v\u00e9rification d&rsquo;authenticit\u00e9[\/et_pb_text][et_pb_text admin_label=\u00a0\u00bbComliance Disclaimer\u00a0\u00bb _builder_version=\u00a0\u00bb4.27.4&Prime; _module_preset=\u00a0\u00bbdefault\u00a0\u00bb text_font=\u00a0\u00bbAlbert Sans||||||||\u00a0\u00bb text_text_color=\u00a0\u00bb#c4c4c4&Prime; text_font_size=\u00a0\u00bb15px\u00a0\u00bb header_text_color=\u00a0\u00bb#ffffff\u00a0\u00bb text_orientation=\u00a0\u00bbjustified\u00a0\u00bb width=\u00a0\u00bb100%\u00a0\u00bb max_width=\u00a0\u00bb93%\u00a0\u00bb module_alignment=\u00a0\u00bbcenter\u00a0\u00bb global_colors_info=\u00a0\u00bb{}\u00a0\u00bb]<\/p>\n<p style=\"text-align:center;\">Cet outil de v\u00e9rification du certificat d&rsquo;authenticit\u00e9, fourni par <strong><span style=\"color:#FF6F00\">romano conte photography<span><\/strong> (<a href=\"https:\/\/www.romanoconte.photos\" target=\"_blank\" style=\"font-size:16px; font-style:normal;\">www.romanoconte.photos<\/a>), confirme la validit\u00e9 et le statut des certificats \u00e9mis.<\/p>\n<p style=\"text-align:center;\">La v\u00e9rification n&rsquo;est possible qu&rsquo;avec l&rsquo;identifiant du certificat et le code secret. Le code secret est r\u00e9serv\u00e9 \u00e0 votre usage exclusif \u2013 gardez-le pr\u00e9cieusement ! <\/p>\n<p style=\"text-align:center;\">L&rsquo;outil n&rsquo;est destin\u00e9 uniquement \u00e0 des fins d&rsquo;information et ne cr\u00e9e, ni ne modifie, ni ne remplace aucun droit ou obligation juridique. En cas de divergence, le <strong><strong> d\u00e9livr\u00e9 fait foi. Le certificat ne transf\u00e8re pas les droits d&rsquo;auteur, qui restent la propri\u00e9t\u00e9 exclusive de   <strong><span style=\"color:#FF6F00\">romano conte photography<span><\/strong>.<\/p>\n<p><\/p>\n<p style=\"text-align:center;\">L&rsquo;outil de v\u00e9rification ne divulgue pas d&rsquo;informations sur l&rsquo;acheteur et ne collecte pas de donn\u00e9es personnelles. Les donn\u00e9es personnelles ne sont trait\u00e9es que si vous cr\u00e9ez un compte client et\/ou passez une commande en ligne. Pour plus de d\u00e9tails, veuillez consulter les <a href=\"https:\/\/www.romanoconte.photos\/fr\/cgv\/\" target=\"_blank\" style=\"font-size:16px; font-style:normal;\">Conditions g\u00e9n\u00e9rales de vente (CGV)<\/a> et la <a href=\"https:\/\/www.romanoconte.photos\/fr\/confidentialite\/\" target=\"_blank\" style=\"font-size:16px; font-style:normal;\">Politique de confidentialit\u00e9<\/a>.<\/p>\n<p>[\/et_pb_text][\/et_pb_column][\/et_pb_row][\/et_pb_section]<\/p>\n<input class=\"fooboxshare_post_id\" type=\"hidden\" value=\"11506\"\/>","protected":false},"excerpt":{"rendered":"<p>V\u00e9rification COABienvenue dans l\u2019outil de v\u00e9rification de Certificats d\u2019authenticit\u00e9. Veuillez saisir votre identifiant du certificat (Certification ID) et code secret (Secret Code), tous deux figurant sur votre certificat, afin de v\u00e9rifier son authenticit\u00e9 et de consulter son statut actuel.Veuillez noter que le champ du code secret est sensible \u00e0 la casse et aux chiffres.  <div class=\"rc-coa rc-coa-verify\">\r\n    <form class=\"rc-coa-form\" method=\"post\" novalidate>\r\n      <input type=\"hidden\" id=\"rc_coa_nonce\" name=\"rc_coa_nonce\" value=\"fefe5ade73\" \/><input type=\"hidden\" name=\"_wp_http_referer\" value=\"\/fr\/wp-json\/wp\/v2\/pages\/11506\" \/>      <label class=\"rc-field\">\r\n        <span class=\"rc-label\">Certification ID<\/span>\r\n        <input class=\"rc-input\" type=\"text\" name=\"cert_id\"\r\n          placeholder=\"RC20xx-xxxxx-xxxxx-xxxxx-xxxxx\"\r\n          inputmode=\"latin-prose\"\r\n          autocapitalize=\"characters\"\r\n          pattern=\"^RC\\d{4}-(\\d{5}-){2,3}\\d{5}$\"\r\n          title=\"Use format RC20xx-xxxxx-xxxxx-xxxxx-xxxxx (new) or RC20xx-xxxxx-xxxxx-xxxxx (old).\"\r\n          required>\r\n      <\/label>\r\n\r\n      <label class=\"rc-field\">\r\n        <span class=\"rc-label\">Secret Code<\/span>\r\n        <input class=\"rc-input\" type=\"text\" name=\"secret\"\r\n          placeholder=\"Code alphanum\u00e9rique \u00e0 12 caract\u00e8res\"\r\n          required>\r\n      <\/label>\r\n\r\n      <button class=\"rc-btn\" type=\"submit\">V\u00e9rifier<\/button>\r\n\r\n          <\/form>\r\n  <\/div>\r\n  D\u00e9claration relative [&hellip;]<\/p>\n","protected":false},"author":1,"featured_media":0,"parent":0,"menu_order":0,"comment_status":"closed","ping_status":"closed","template":"","meta":{"_et_pb_use_builder":"on","_et_pb_old_content":"","_et_gb_content_width":"","footnotes":""},"class_list":["post-11506","page","type-page","status-publish","hentry"],"yoast_head":"<!-- This site is optimized with the Yoast SEO plugin v26.7 - https:\/\/yoast.com\/wordpress\/plugins\/seo\/ -->\n<title>V\u00e9rification COA - rc photography<\/title>\n<meta name=\"robots\" content=\"index, follow, max-snippet:-1, max-image-preview:large, max-video-preview:-1\" \/>\n<link rel=\"canonical\" href=\"https:\/\/www.romanoconte.photos\/fr\/verify-coa\/\" \/>\n<meta property=\"og:locale\" content=\"fr_FR\" \/>\n<meta property=\"og:type\" content=\"article\" \/>\n<meta property=\"og:title\" content=\"V\u00e9rification COA - rc photography\" \/>\n<meta property=\"og:description\" content=\"V\u00e9rification COABienvenue dans l\u2019outil de v\u00e9rification de Certificats d\u2019authenticit\u00e9. Veuillez saisir votre identifiant du certificat (Certification ID) et code secret (Secret Code), tous deux figurant sur votre certificat, afin de v\u00e9rifier son authenticit\u00e9 et de consulter son statut actuel.Veuillez noter que le champ du code secret est sensible \u00e0 la casse et aux chiffres.D\u00e9claration relative [&hellip;]\" \/>\n<meta property=\"og:url\" content=\"https:\/\/www.romanoconte.photos\/fr\/verify-coa\/\" \/>\n<meta property=\"og:site_name\" content=\"rc photography\" \/>\n<meta property=\"article:publisher\" content=\"https:\/\/www.facebook.com\/sig.romanoconte\" \/>\n<meta property=\"article:modified_time\" content=\"2025-10-02T14:33:14+00:00\" \/>\n<meta property=\"og:image\" content=\"https:\/\/www.romanoconte.photos\/wp-content\/uploads\/2025\/09\/RC-SIGN-ORANGE-wFlashSml.webp\" \/>\n\t<meta property=\"og:image:width\" content=\"746\" \/>\n\t<meta property=\"og:image:height\" content=\"163\" \/>\n\t<meta property=\"og:image:type\" content=\"image\/png\" \/>\n<meta name=\"twitter:card\" content=\"summary_large_image\" \/>\n<meta name=\"twitter:label1\" content=\"Dur\u00e9e de lecture estim\u00e9e\" \/>\n\t<meta name=\"twitter:data1\" content=\"4 minutes\" \/>\n<script type=\"application\/ld+json\" class=\"yoast-schema-graph\">{\"@context\":\"https:\/\/schema.org\",\"@graph\":[{\"@type\":\"WebPage\",\"@id\":\"https:\/\/www.romanoconte.photos\/fr\/verify-coa\/\",\"url\":\"https:\/\/www.romanoconte.photos\/fr\/verify-coa\/\",\"name\":\"V\u00e9rification COA - rc photography\",\"isPartOf\":{\"@id\":\"https:\/\/www.romanoconte.photos\/fr\/#website\"},\"datePublished\":\"2025-09-03T11:46:15+00:00\",\"dateModified\":\"2025-10-02T14:33:14+00:00\",\"breadcrumb\":{\"@id\":\"https:\/\/www.romanoconte.photos\/fr\/verify-coa\/#breadcrumb\"},\"inLanguage\":\"fr-FR\",\"potentialAction\":[{\"@type\":\"ReadAction\",\"target\":[\"https:\/\/www.romanoconte.photos\/fr\/verify-coa\/\"]}]},{\"@type\":\"BreadcrumbList\",\"@id\":\"https:\/\/www.romanoconte.photos\/fr\/verify-coa\/#breadcrumb\",\"itemListElement\":[{\"@type\":\"ListItem\",\"position\":1,\"name\":\"Home\",\"item\":\"https:\/\/www.romanoconte.photos\/fr\/\"},{\"@type\":\"ListItem\",\"position\":2,\"name\":\"V\u00e9rification COA\"}]},{\"@type\":\"WebSite\",\"@id\":\"https:\/\/www.romanoconte.photos\/fr\/#website\",\"url\":\"https:\/\/www.romanoconte.photos\/fr\/\",\"name\":\"romano conte photography\",\"description\":\"romano conte photography \u2014 turning light into art\",\"publisher\":{\"@id\":\"https:\/\/www.romanoconte.photos\/fr\/#\/schema\/person\/85d150e840fd19dc4bf50a90aea7d41e\"},\"alternateName\":\"rc photography\",\"potentialAction\":[{\"@type\":\"SearchAction\",\"target\":{\"@type\":\"EntryPoint\",\"urlTemplate\":\"https:\/\/www.romanoconte.photos\/fr\/?s={search_term_string}\"},\"query-input\":{\"@type\":\"PropertyValueSpecification\",\"valueRequired\":true,\"valueName\":\"search_term_string\"}}],\"inLanguage\":\"fr-FR\"},{\"@type\":[\"Person\",\"Organization\"],\"@id\":\"https:\/\/www.romanoconte.photos\/fr\/#\/schema\/person\/85d150e840fd19dc4bf50a90aea7d41e\",\"name\":\"romano conte\",\"image\":{\"@type\":\"ImageObject\",\"inLanguage\":\"fr-FR\",\"@id\":\"https:\/\/www.romanoconte.photos\/fr\/#\/schema\/person\/image\/\",\"url\":\"https:\/\/www.romanoconte.photos\/wp-content\/uploads\/2025\/09\/RC-SIGN-ORANGE-wFlashSml.webp\",\"contentUrl\":\"https:\/\/www.romanoconte.photos\/wp-content\/uploads\/2025\/09\/RC-SIGN-ORANGE-wFlashSml.webp\",\"width\":746,\"height\":163,\"caption\":\"romano conte\"},\"logo\":{\"@id\":\"https:\/\/www.romanoconte.photos\/fr\/#\/schema\/person\/image\/\"},\"description\":\"Inspired by light, I capture fragile instants that only exist once before vanishing forever. What remains are fragments of space and time, framed for those who seek more than just images. This is not simply photography for decoration. It is a pursuit of the unrepeatable \u2014 a dialogue with silence, time, and light itself. I have chosen to share this passion openly, presenting here a curated collection of my photographic artwork. And if you pause here, perhaps the light has found you, too. Enjoy the journey!\",\"sameAs\":[\"https:\/\/www.romanoconte.photos\",\"https:\/\/www.facebook.com\/sig.romanoconte\",\"https:\/\/www.instagram.com\/sig.romanoconte\/\"]}]}<\/script>\n<!-- \/ Yoast SEO plugin. -->","yoast_head_json":{"title":"V\u00e9rification COA - rc photography","robots":{"index":"index","follow":"follow","max-snippet":"max-snippet:-1","max-image-preview":"max-image-preview:large","max-video-preview":"max-video-preview:-1"},"canonical":"https:\/\/www.romanoconte.photos\/fr\/verify-coa\/","og_locale":"fr_FR","og_type":"article","og_title":"V\u00e9rification COA - rc photography","og_description":"V\u00e9rification COABienvenue dans l\u2019outil de v\u00e9rification de Certificats d\u2019authenticit\u00e9. Veuillez saisir votre identifiant du certificat (Certification ID) et code secret (Secret Code), tous deux figurant sur votre certificat, afin de v\u00e9rifier son authenticit\u00e9 et de consulter son statut actuel.Veuillez noter que le champ du code secret est sensible \u00e0 la casse et aux chiffres.D\u00e9claration relative [&hellip;]","og_url":"https:\/\/www.romanoconte.photos\/fr\/verify-coa\/","og_site_name":"rc photography","article_publisher":"https:\/\/www.facebook.com\/sig.romanoconte","article_modified_time":"2025-10-02T14:33:14+00:00","og_image":[{"width":746,"height":163,"url":"https:\/\/www.romanoconte.photos\/wp-content\/uploads\/2025\/09\/RC-SIGN-ORANGE-wFlashSml.webp","type":"image\/png"}],"twitter_card":"summary_large_image","twitter_misc":{"Dur\u00e9e de lecture estim\u00e9e":"4 minutes"},"schema":{"@context":"https:\/\/schema.org","@graph":[{"@type":"WebPage","@id":"https:\/\/www.romanoconte.photos\/fr\/verify-coa\/","url":"https:\/\/www.romanoconte.photos\/fr\/verify-coa\/","name":"V\u00e9rification COA - rc photography","isPartOf":{"@id":"https:\/\/www.romanoconte.photos\/fr\/#website"},"datePublished":"2025-09-03T11:46:15+00:00","dateModified":"2025-10-02T14:33:14+00:00","breadcrumb":{"@id":"https:\/\/www.romanoconte.photos\/fr\/verify-coa\/#breadcrumb"},"inLanguage":"fr-FR","potentialAction":[{"@type":"ReadAction","target":["https:\/\/www.romanoconte.photos\/fr\/verify-coa\/"]}]},{"@type":"BreadcrumbList","@id":"https:\/\/www.romanoconte.photos\/fr\/verify-coa\/#breadcrumb","itemListElement":[{"@type":"ListItem","position":1,"name":"Home","item":"https:\/\/www.romanoconte.photos\/fr\/"},{"@type":"ListItem","position":2,"name":"V\u00e9rification COA"}]},{"@type":"WebSite","@id":"https:\/\/www.romanoconte.photos\/fr\/#website","url":"https:\/\/www.romanoconte.photos\/fr\/","name":"romano conte photography","description":"romano conte photography \u2014 turning light into art","publisher":{"@id":"https:\/\/www.romanoconte.photos\/fr\/#\/schema\/person\/85d150e840fd19dc4bf50a90aea7d41e"},"alternateName":"rc photography","potentialAction":[{"@type":"SearchAction","target":{"@type":"EntryPoint","urlTemplate":"https:\/\/www.romanoconte.photos\/fr\/?s={search_term_string}"},"query-input":{"@type":"PropertyValueSpecification","valueRequired":true,"valueName":"search_term_string"}}],"inLanguage":"fr-FR"},{"@type":["Person","Organization"],"@id":"https:\/\/www.romanoconte.photos\/fr\/#\/schema\/person\/85d150e840fd19dc4bf50a90aea7d41e","name":"romano conte","image":{"@type":"ImageObject","inLanguage":"fr-FR","@id":"https:\/\/www.romanoconte.photos\/fr\/#\/schema\/person\/image\/","url":"https:\/\/www.romanoconte.photos\/wp-content\/uploads\/2025\/09\/RC-SIGN-ORANGE-wFlashSml.webp","contentUrl":"https:\/\/www.romanoconte.photos\/wp-content\/uploads\/2025\/09\/RC-SIGN-ORANGE-wFlashSml.webp","width":746,"height":163,"caption":"romano conte"},"logo":{"@id":"https:\/\/www.romanoconte.photos\/fr\/#\/schema\/person\/image\/"},"description":"Inspired by light, I capture fragile instants that only exist once before vanishing forever. What remains are fragments of space and time, framed for those who seek more than just images. This is not simply photography for decoration. It is a pursuit of the unrepeatable \u2014 a dialogue with silence, time, and light itself. I have chosen to share this passion openly, presenting here a curated collection of my photographic artwork. And if you pause here, perhaps the light has found you, too. Enjoy the journey!","sameAs":["https:\/\/www.romanoconte.photos","https:\/\/www.facebook.com\/sig.romanoconte","https:\/\/www.instagram.com\/sig.romanoconte\/"]}]}},"_links":{"self":[{"href":"https:\/\/www.romanoconte.photos\/fr\/wp-json\/wp\/v2\/pages\/11506","targetHints":{"allow":["GET"]}}],"collection":[{"href":"https:\/\/www.romanoconte.photos\/fr\/wp-json\/wp\/v2\/pages"}],"about":[{"href":"https:\/\/www.romanoconte.photos\/fr\/wp-json\/wp\/v2\/types\/page"}],"author":[{"embeddable":true,"href":"https:\/\/www.romanoconte.photos\/fr\/wp-json\/wp\/v2\/users\/1"}],"replies":[{"embeddable":true,"href":"https:\/\/www.romanoconte.photos\/fr\/wp-json\/wp\/v2\/comments?post=11506"}],"version-history":[{"count":13,"href":"https:\/\/www.romanoconte.photos\/fr\/wp-json\/wp\/v2\/pages\/11506\/revisions"}],"predecessor-version":[{"id":13015,"href":"https:\/\/www.romanoconte.photos\/fr\/wp-json\/wp\/v2\/pages\/11506\/revisions\/13015"}],"wp:attachment":[{"href":"https:\/\/www.romanoconte.photos\/fr\/wp-json\/wp\/v2\/media?parent=11506"}],"curies":[{"name":"wp","href":"https:\/\/api.w.org\/{rel}","templated":true}]}}