{"id":12198,"date":"2025-09-03T18:40:14","date_gmt":"2025-09-03T16:40:14","guid":{"rendered":"https:\/\/www.romanoconte.photos\/coa-result\/"},"modified":"2025-10-02T16:35:01","modified_gmt":"2025-10-02T14:35:01","slug":"coa-result","status":"publish","type":"page","link":"https:\/\/www.romanoconte.photos\/fr\/coa-result\/","title":{"rendered":"R\u00e9sultat de la v\u00e9rification COA"},"content":{"rendered":"<p>[et_pb_section fb_built=\u00a0\u00bb1&Prime; admin_label=\u00a0\u00bbsection\u00a0\u00bb module_id=\u00a0\u00bbportfolio\u00a0\u00bb _builder_version=\u00a0\u00bb4.27.4&Prime; background_color=\u00a0\u00bb#000000&Prime; custom_padding=\u00a0\u00bb33px|0px|33px|0px|false|false\u00a0\u00bb transparent_background=\u00a0\u00bboff\u00a0\u00bb make_fullwidth=\u00a0\u00bboff\u00a0\u00bb use_custom_width=\u00a0\u00bboff\u00a0\u00bb width_unit=\u00a0\u00bboff\u00a0\u00bb custom_width_px=\u00a0\u00bb1080px\u00a0\u00bb custom_width_percent=\u00a0\u00bb80%\u00a0\u00bb global_colors_info=\u00a0\u00bb{}\u00a0\u00bb][et_pb_row custom_padding_last_edited=\u00a0\u00bbon|desktop\u00a0\u00bb admin_label=\u00a0\u00bbligne\u00a0\u00bb _builder_version=\u00a0\u00bb4.27.4&Prime; background_size=\u00a0\u00bbinitial\u00a0\u00bb background_position=\u00a0\u00bbtop_left\u00a0\u00bb background_repeat=\u00a0\u00bbrepeat\u00a0\u00bb custom_padding=\u00a0\u00bb0px|0px|0px|0px\u00a0\u00bb custom_padding_tablet=\u00a0\u00bb\u00a0\u00bb custom_padding_phone=\u00a0\u00bb\u00a0\u00bb make_fullwidth=\u00a0\u00bboff\u00a0\u00bb use_custom_width=\u00a0\u00bbon\u00a0\u00bb width_unit=\u00a0\u00bbon\u00a0\u00bb custom_width_px=\u00a0\u00bb1080px\u00a0\u00bb custom_width_percent=\u00a0\u00bb80%\u00a0\u00bb global_colors_info=\u00a0\u00bb{}\u00a0\u00bb][et_pb_column type=\u00a0\u00bb4_4&Prime; _builder_version=\u00a0\u00bb4.16&Prime; custom_padding=\u00a0\u00bb|||\u00a0\u00bb global_colors_info=\u00a0\u00bb{}\u00a0\u00bb custom_padding__hover=\u00a0\u00bb|||\u00a0\u00bb][et_pb_text content_tablet=\u00a0\u00bb<\/p>\n<h2 style=%22text-align: center;%22><span style=%22color: #ffffff;%22>R\u00e9sultat de la v\u00e9rification COA<\/span><\/h2>\n<p>\u00a0\u00bb content_phone=\u00a0\u00bb<\/p>\n<h3 style=%22text-align: center;%22><span style=%22color: #ffffff;%22>R\u00e9sultat de la v\u00e9rification COA<\/span><\/h3>\n<p>\u00a0\u00bb content_last_edited=\u00a0\u00bbon|phone\u00a0\u00bb disabled_on=\u00a0\u00bboff|off|off\u00a0\u00bb admin_label=\u00a0\u00bbCOA Verified Title\u00a0\u00bb _builder_version=\u00a0\u00bb4.27.4&Prime; text_font=\u00a0\u00bbAlbert Sans||||||||\u00a0\u00bb header_font=\u00a0\u00bbAlbert Sans||||||||\u00a0\u00bb header_text_align=\u00a0\u00bbcenter\u00a0\u00bb header_2_font=\u00a0\u00bbAlbert Sans||||||||\u00a0\u00bb header_3_font=\u00a0\u00bbAlbert Sans||||||||\u00a0\u00bb background_size=\u00a0\u00bbinitial\u00a0\u00bb background_position=\u00a0\u00bbtop_left\u00a0\u00bb background_repeat=\u00a0\u00bbrepeat\u00a0\u00bb text_orientation=\u00a0\u00bbcenter\u00a0\u00bb module_alignment=\u00a0\u00bbcenter\u00a0\u00bb custom_margin=\u00a0\u00bb||||false|false\u00a0\u00bb custom_margin_tablet=\u00a0\u00bb\u00a0\u00bb custom_margin_phone=\u00a0\u00bb|||0px\u00a0\u00bb custom_margin_last_edited=\u00a0\u00bbon|phone\u00a0\u00bb hover_enabled=\u00a0\u00bb0&Prime; use_border_color=\u00a0\u00bboff\u00a0\u00bb border_style=\u00a0\u00bbsolid\u00a0\u00bb global_colors_info=\u00a0\u00bb{}\u00a0\u00bb sticky_enabled=\u00a0\u00bb0&Prime;]<\/p>\n<h1 style=\"text-align: center;\"><span style=\"color: #ffffff;\">R\u00e9sultat de la v\u00e9rification COA<\/span><\/h1>\n<p>[\/et_pb_text][\/et_pb_column][\/et_pb_row][et_pb_row _builder_version=\u00a0\u00bb4.27.4&Prime; _module_preset=\u00a0\u00bbdefault\u00a0\u00bb custom_margin=\u00a0\u00bb0px||-73px||false|false\u00a0\u00bb global_colors_info=\u00a0\u00bb{}\u00a0\u00bb][et_pb_column type=\u00a0\u00bb4_4&Prime; _builder_version=\u00a0\u00bb4.27.4&Prime; _module_preset=\u00a0\u00bbdefault\u00a0\u00bb global_colors_info=\u00a0\u00bb{}\u00a0\u00bb][et_pb_code admin_label=\u00a0\u00bbCode du text F\u00e9liciation\u00a0\u00bb _builder_version=\u00a0\u00bb4.27.4&Prime; _module_preset=\u00a0\u00bbdefault\u00a0\u00bb custom_margin=\u00a0\u00bb-3px||||false|false\u00a0\u00bb global_colors_info=\u00a0\u00bb{}\u00a0\u00bb][\/et_pb_code][et_pb_code admin_label=\u00a0\u00bbNotice de token (code)\u00a0\u00bb _builder_version=\u00a0\u00bb4.27.4&Prime; _module_preset=\u00a0\u00bbdefault\u00a0\u00bb global_colors_info=\u00a0\u00bb{}\u00a0\u00bb]<div class=\"rc-coa rc-error rc-coa-token-notice\" style=\"text-align:center;color:#DE0000;max-width:780px;margin:0 auto 12px;\">Lien pas valide ou expir\u00e9. Veuillez rev\u00e9rifier \u00e0 partir de la  <a href=\"https:\/\/www.romanoconte.photos\/fr\/verify-coa\/\">page de v\u00e9rification<\/a>.<\/div>[\/et_pb_code][\/et_pb_column][\/et_pb_row][et_pb_row column_structure=\u00a0\u00bb1_2,1_2&Prime; _builder_version=\u00a0\u00bb4.27.4&Prime; _module_preset=\u00a0\u00bbdefault\u00a0\u00bb custom_margin=\u00a0\u00bb-4px||||false|false\u00a0\u00bb global_colors_info=\u00a0\u00bb{}\u00a0\u00bb][et_pb_column type=\u00a0\u00bb1_2&Prime; _builder_version=\u00a0\u00bb4.27.4&Prime; _module_preset=\u00a0\u00bbdefault\u00a0\u00bb global_colors_info=\u00a0\u00bb{}\u00a0\u00bb][et_pb_code admin_label=\u00a0\u00bbLeftColumns Image code\u00a0\u00bb _builder_version=\u00a0\u00bb4.27.4&Prime; _module_preset=\u00a0\u00bbdefault\u00a0\u00bb custom_margin=\u00a0\u00bb24px||||false|false\u00a0\u00bb global_colors_info=\u00a0\u00bb{}\u00a0\u00bb][\/et_pb_code][\/et_pb_column][et_pb_column type=\u00a0\u00bb1_2&Prime; _builder_version=\u00a0\u00bb4.27.4&Prime; _module_preset=\u00a0\u00bbdefault\u00a0\u00bb global_colors_info=\u00a0\u00bb{}\u00a0\u00bb][et_pb_code admin_label=\u00a0\u00bbRightColumn Details code\u00a0\u00bb _builder_version=\u00a0\u00bb4.27.4&Prime; _module_preset=\u00a0\u00bbdefault\u00a0\u00bb custom_margin=\u00a0\u00bb24px||||false|false\u00a0\u00bb global_colors_info=\u00a0\u00bb{}\u00a0\u00bb]<!-- [et_pb_line_break_holder] --><!-- [et_pb_line_break_holder] -->[\/et_pb_code][\/et_pb_column][\/et_pb_row][et_pb_row _builder_version=\u00a0\u00bb4.27.4&Prime; _module_preset=\u00a0\u00bbdefault\u00a0\u00bb global_colors_info=\u00a0\u00bb{}\u00a0\u00bb][et_pb_column type=\u00a0\u00bb4_4&Prime; _builder_version=\u00a0\u00bb4.27.4&Prime; _module_preset=\u00a0\u00bbdefault\u00a0\u00bb global_colors_info=\u00a0\u00bb{}\u00a0\u00bb][et_pb_code _builder_version=\u00a0\u00bb4.27.4&Prime; _module_preset=\u00a0\u00bbdefault\u00a0\u00bb text_orientation=\u00a0\u00bbcenter\u00a0\u00bb global_colors_info=\u00a0\u00bb{}\u00a0\u00bb][\/et_pb_code][\/et_pb_column][\/et_pb_row][\/et_pb_section]<\/p>\n<input class=\"fooboxshare_post_id\" type=\"hidden\" value=\"12198\"\/>","protected":false},"excerpt":{"rendered":"<p>R\u00e9sultat de la v\u00e9rification COA<div class=\"rc-coa rc-error rc-coa-token-notice\" style=\"text-align:center;color:#DE0000;max-width:780px;margin:0 auto 12px;\">Lien pas valide ou expir\u00e9. Veuillez rev\u00e9rifier \u00e0 partir de la  <a href=\"https:\/\/www.romanoconte.photos\/fr\/verify-coa\/\">page de v\u00e9rification<\/a>.<\/div><\/p>\n","protected":false},"author":1,"featured_media":0,"parent":0,"menu_order":0,"comment_status":"closed","ping_status":"closed","template":"","meta":{"_et_pb_use_builder":"on","_et_pb_old_content":"","_et_gb_content_width":"","footnotes":""},"class_list":["post-12198","page","type-page","status-publish","hentry"],"yoast_head":"<!-- This site is optimized with the Yoast SEO plugin v26.7 - https:\/\/yoast.com\/wordpress\/plugins\/seo\/ -->\n<title>R\u00e9sultat de la v\u00e9rification COA - rc photography<\/title>\n<meta name=\"robots\" content=\"index, follow, max-snippet:-1, max-image-preview:large, max-video-preview:-1\" \/>\n<link rel=\"canonical\" href=\"https:\/\/www.romanoconte.photos\/fr\/coa-result\/\" \/>\n<meta property=\"og:locale\" content=\"fr_FR\" \/>\n<meta property=\"og:type\" content=\"article\" \/>\n<meta property=\"og:title\" content=\"R\u00e9sultat de la v\u00e9rification COA - rc photography\" \/>\n<meta property=\"og:description\" content=\"R\u00e9sultat de la v\u00e9rification COA\" \/>\n<meta property=\"og:url\" content=\"https:\/\/www.romanoconte.photos\/fr\/coa-result\/\" \/>\n<meta property=\"og:site_name\" content=\"rc photography\" \/>\n<meta property=\"article:publisher\" content=\"https:\/\/www.facebook.com\/sig.romanoconte\" \/>\n<meta property=\"article:modified_time\" content=\"2025-10-02T14:35:01+00:00\" \/>\n<meta property=\"og:image\" content=\"https:\/\/www.romanoconte.photos\/wp-content\/uploads\/2025\/09\/RC-SIGN-ORANGE-wFlashSml.webp\" \/>\n\t<meta property=\"og:image:width\" content=\"746\" \/>\n\t<meta property=\"og:image:height\" content=\"163\" \/>\n\t<meta property=\"og:image:type\" content=\"image\/png\" \/>\n<meta name=\"twitter:card\" content=\"summary_large_image\" \/>\n<meta name=\"twitter:label1\" content=\"Dur\u00e9e de lecture estim\u00e9e\" \/>\n\t<meta name=\"twitter:data1\" content=\"3 minutes\" \/>\n<script type=\"application\/ld+json\" class=\"yoast-schema-graph\">{\"@context\":\"https:\/\/schema.org\",\"@graph\":[{\"@type\":\"WebPage\",\"@id\":\"https:\/\/www.romanoconte.photos\/fr\/coa-result\/\",\"url\":\"https:\/\/www.romanoconte.photos\/fr\/coa-result\/\",\"name\":\"R\u00e9sultat de la v\u00e9rification COA - rc photography\",\"isPartOf\":{\"@id\":\"https:\/\/www.romanoconte.photos\/fr\/#website\"},\"datePublished\":\"2025-09-03T16:40:14+00:00\",\"dateModified\":\"2025-10-02T14:35:01+00:00\",\"breadcrumb\":{\"@id\":\"https:\/\/www.romanoconte.photos\/fr\/coa-result\/#breadcrumb\"},\"inLanguage\":\"fr-FR\",\"potentialAction\":[{\"@type\":\"ReadAction\",\"target\":[\"https:\/\/www.romanoconte.photos\/fr\/coa-result\/\"]}]},{\"@type\":\"BreadcrumbList\",\"@id\":\"https:\/\/www.romanoconte.photos\/fr\/coa-result\/#breadcrumb\",\"itemListElement\":[{\"@type\":\"ListItem\",\"position\":1,\"name\":\"Home\",\"item\":\"https:\/\/www.romanoconte.photos\/fr\/\"},{\"@type\":\"ListItem\",\"position\":2,\"name\":\"R\u00e9sultat de la v\u00e9rification COA\"}]},{\"@type\":\"WebSite\",\"@id\":\"https:\/\/www.romanoconte.photos\/fr\/#website\",\"url\":\"https:\/\/www.romanoconte.photos\/fr\/\",\"name\":\"romano conte photography\",\"description\":\"romano conte photography \u2014 turning light into art\",\"publisher\":{\"@id\":\"https:\/\/www.romanoconte.photos\/fr\/#\/schema\/person\/85d150e840fd19dc4bf50a90aea7d41e\"},\"alternateName\":\"rc photography\",\"potentialAction\":[{\"@type\":\"SearchAction\",\"target\":{\"@type\":\"EntryPoint\",\"urlTemplate\":\"https:\/\/www.romanoconte.photos\/fr\/?s={search_term_string}\"},\"query-input\":{\"@type\":\"PropertyValueSpecification\",\"valueRequired\":true,\"valueName\":\"search_term_string\"}}],\"inLanguage\":\"fr-FR\"},{\"@type\":[\"Person\",\"Organization\"],\"@id\":\"https:\/\/www.romanoconte.photos\/fr\/#\/schema\/person\/85d150e840fd19dc4bf50a90aea7d41e\",\"name\":\"romano conte\",\"image\":{\"@type\":\"ImageObject\",\"inLanguage\":\"fr-FR\",\"@id\":\"https:\/\/www.romanoconte.photos\/fr\/#\/schema\/person\/image\/\",\"url\":\"https:\/\/www.romanoconte.photos\/wp-content\/uploads\/2025\/09\/RC-SIGN-ORANGE-wFlashSml.webp\",\"contentUrl\":\"https:\/\/www.romanoconte.photos\/wp-content\/uploads\/2025\/09\/RC-SIGN-ORANGE-wFlashSml.webp\",\"width\":746,\"height\":163,\"caption\":\"romano conte\"},\"logo\":{\"@id\":\"https:\/\/www.romanoconte.photos\/fr\/#\/schema\/person\/image\/\"},\"description\":\"Inspired by light, I capture fragile instants that only exist once before vanishing forever. What remains are fragments of space and time, framed for those who seek more than just images. This is not simply photography for decoration. It is a pursuit of the unrepeatable \u2014 a dialogue with silence, time, and light itself. I have chosen to share this passion openly, presenting here a curated collection of my photographic artwork. And if you pause here, perhaps the light has found you, too. Enjoy the journey!\",\"sameAs\":[\"https:\/\/www.romanoconte.photos\",\"https:\/\/www.facebook.com\/sig.romanoconte\",\"https:\/\/www.instagram.com\/sig.romanoconte\/\"]}]}<\/script>\n<!-- \/ Yoast SEO plugin. -->","yoast_head_json":{"title":"R\u00e9sultat de la v\u00e9rification COA - rc photography","robots":{"index":"index","follow":"follow","max-snippet":"max-snippet:-1","max-image-preview":"max-image-preview:large","max-video-preview":"max-video-preview:-1"},"canonical":"https:\/\/www.romanoconte.photos\/fr\/coa-result\/","og_locale":"fr_FR","og_type":"article","og_title":"R\u00e9sultat de la v\u00e9rification COA - rc photography","og_description":"R\u00e9sultat de la v\u00e9rification COA","og_url":"https:\/\/www.romanoconte.photos\/fr\/coa-result\/","og_site_name":"rc photography","article_publisher":"https:\/\/www.facebook.com\/sig.romanoconte","article_modified_time":"2025-10-02T14:35:01+00:00","og_image":[{"width":746,"height":163,"url":"https:\/\/www.romanoconte.photos\/wp-content\/uploads\/2025\/09\/RC-SIGN-ORANGE-wFlashSml.webp","type":"image\/png"}],"twitter_card":"summary_large_image","twitter_misc":{"Dur\u00e9e de lecture estim\u00e9e":"3 minutes"},"schema":{"@context":"https:\/\/schema.org","@graph":[{"@type":"WebPage","@id":"https:\/\/www.romanoconte.photos\/fr\/coa-result\/","url":"https:\/\/www.romanoconte.photos\/fr\/coa-result\/","name":"R\u00e9sultat de la v\u00e9rification COA - rc photography","isPartOf":{"@id":"https:\/\/www.romanoconte.photos\/fr\/#website"},"datePublished":"2025-09-03T16:40:14+00:00","dateModified":"2025-10-02T14:35:01+00:00","breadcrumb":{"@id":"https:\/\/www.romanoconte.photos\/fr\/coa-result\/#breadcrumb"},"inLanguage":"fr-FR","potentialAction":[{"@type":"ReadAction","target":["https:\/\/www.romanoconte.photos\/fr\/coa-result\/"]}]},{"@type":"BreadcrumbList","@id":"https:\/\/www.romanoconte.photos\/fr\/coa-result\/#breadcrumb","itemListElement":[{"@type":"ListItem","position":1,"name":"Home","item":"https:\/\/www.romanoconte.photos\/fr\/"},{"@type":"ListItem","position":2,"name":"R\u00e9sultat de la v\u00e9rification COA"}]},{"@type":"WebSite","@id":"https:\/\/www.romanoconte.photos\/fr\/#website","url":"https:\/\/www.romanoconte.photos\/fr\/","name":"romano conte photography","description":"romano conte photography \u2014 turning light into art","publisher":{"@id":"https:\/\/www.romanoconte.photos\/fr\/#\/schema\/person\/85d150e840fd19dc4bf50a90aea7d41e"},"alternateName":"rc photography","potentialAction":[{"@type":"SearchAction","target":{"@type":"EntryPoint","urlTemplate":"https:\/\/www.romanoconte.photos\/fr\/?s={search_term_string}"},"query-input":{"@type":"PropertyValueSpecification","valueRequired":true,"valueName":"search_term_string"}}],"inLanguage":"fr-FR"},{"@type":["Person","Organization"],"@id":"https:\/\/www.romanoconte.photos\/fr\/#\/schema\/person\/85d150e840fd19dc4bf50a90aea7d41e","name":"romano conte","image":{"@type":"ImageObject","inLanguage":"fr-FR","@id":"https:\/\/www.romanoconte.photos\/fr\/#\/schema\/person\/image\/","url":"https:\/\/www.romanoconte.photos\/wp-content\/uploads\/2025\/09\/RC-SIGN-ORANGE-wFlashSml.webp","contentUrl":"https:\/\/www.romanoconte.photos\/wp-content\/uploads\/2025\/09\/RC-SIGN-ORANGE-wFlashSml.webp","width":746,"height":163,"caption":"romano conte"},"logo":{"@id":"https:\/\/www.romanoconte.photos\/fr\/#\/schema\/person\/image\/"},"description":"Inspired by light, I capture fragile instants that only exist once before vanishing forever. What remains are fragments of space and time, framed for those who seek more than just images. This is not simply photography for decoration. It is a pursuit of the unrepeatable \u2014 a dialogue with silence, time, and light itself. I have chosen to share this passion openly, presenting here a curated collection of my photographic artwork. And if you pause here, perhaps the light has found you, too. Enjoy the journey!","sameAs":["https:\/\/www.romanoconte.photos","https:\/\/www.facebook.com\/sig.romanoconte","https:\/\/www.instagram.com\/sig.romanoconte\/"]}]}},"_links":{"self":[{"href":"https:\/\/www.romanoconte.photos\/fr\/wp-json\/wp\/v2\/pages\/12198","targetHints":{"allow":["GET"]}}],"collection":[{"href":"https:\/\/www.romanoconte.photos\/fr\/wp-json\/wp\/v2\/pages"}],"about":[{"href":"https:\/\/www.romanoconte.photos\/fr\/wp-json\/wp\/v2\/types\/page"}],"author":[{"embeddable":true,"href":"https:\/\/www.romanoconte.photos\/fr\/wp-json\/wp\/v2\/users\/1"}],"replies":[{"embeddable":true,"href":"https:\/\/www.romanoconte.photos\/fr\/wp-json\/wp\/v2\/comments?post=12198"}],"version-history":[{"count":18,"href":"https:\/\/www.romanoconte.photos\/fr\/wp-json\/wp\/v2\/pages\/12198\/revisions"}],"predecessor-version":[{"id":13021,"href":"https:\/\/www.romanoconte.photos\/fr\/wp-json\/wp\/v2\/pages\/12198\/revisions\/13021"}],"wp:attachment":[{"href":"https:\/\/www.romanoconte.photos\/fr\/wp-json\/wp\/v2\/media?parent=12198"}],"curies":[{"name":"wp","href":"https:\/\/api.w.org\/{rel}","templated":true}]}}