{"id":9822,"date":"2023-02-06T19:14:55","date_gmt":"2023-02-06T18:14:55","guid":{"rendered":"https:\/\/www.romanoconte.photos\/panier\/"},"modified":"2025-09-24T16:03:48","modified_gmt":"2025-09-24T14:03:48","slug":"panier","status":"publish","type":"page","link":"https:\/\/www.romanoconte.photos\/fr\/panier\/","title":{"rendered":"Panier"},"content":{"rendered":"\n<div data-block-name=\"woocommerce\/cart\" class=\"wp-block-woocommerce-cart alignwide is-loading\">\n<div data-block-name=\"woocommerce\/filled-cart-block\" class=\"wp-block-woocommerce-filled-cart-block\">\n<div data-block-name=\"woocommerce\/cart-items-block\" class=\"wp-block-woocommerce-cart-items-block\">\n<div data-block-name=\"woocommerce\/cart-line-items-block\" class=\"wp-block-woocommerce-cart-line-items-block\"><\/div>\n\n\n\n<div data-block-name=\"woocommerce\/cart-cross-sells-block\" class=\"wp-block-woocommerce-cart-cross-sells-block\">\n<h2 class=\"wp-block-heading has-large-font-size\">Vous pourriez \u00eatre int\u00e9ress\u00e9 par&#8230;<\/h2>\n\n\n\n<div data-block-name=\"woocommerce\/cart-cross-sells-products-block\" class=\"wp-block-woocommerce-cart-cross-sells-products-block\"><\/div>\n<\/div>\n<\/div>\n\n\n\n<div data-block-name=\"woocommerce\/cart-totals-block\" class=\"wp-block-woocommerce-cart-totals-block\">\n<div data-block-name=\"woocommerce\/cart-order-summary-block\" class=\"wp-block-woocommerce-cart-order-summary-block\">\n<div data-block-name=\"woocommerce\/cart-order-summary-heading-block\" class=\"wp-block-woocommerce-cart-order-summary-heading-block\"><\/div>\n\n\n\n<div data-block-name=\"woocommerce\/cart-order-summary-coupon-form-block\" class=\"wp-block-woocommerce-cart-order-summary-coupon-form-block\"><\/div>\n\n\n\n<div data-block-name=\"woocommerce\/cart-order-summary-totals-block\" class=\"wp-block-woocommerce-cart-order-summary-totals-block\">\n<div data-block-name=\"woocommerce\/cart-order-summary-subtotal-block\" class=\"wp-block-woocommerce-cart-order-summary-subtotal-block\"><\/div>\n\n\n\n<div data-block-name=\"woocommerce\/cart-order-summary-fee-block\" class=\"wp-block-woocommerce-cart-order-summary-fee-block\"><\/div>\n\n\n\n<div data-block-name=\"woocommerce\/cart-order-summary-discount-block\" class=\"wp-block-woocommerce-cart-order-summary-discount-block\"><\/div>\n\n\n\n<div data-block-name=\"woocommerce\/cart-order-summary-shipping-block\" class=\"wp-block-woocommerce-cart-order-summary-shipping-block\"><\/div>\n\n\n\n<div data-block-name=\"woocommerce\/cart-order-summary-taxes-block\" class=\"wp-block-woocommerce-cart-order-summary-taxes-block\"><\/div>\n<\/div>\n<\/div>\n\n\n\n<div data-block-name=\"woocommerce\/cart-express-payment-block\" class=\"wp-block-woocommerce-cart-express-payment-block\"><\/div>\n\n\n\n<div data-block-name=\"woocommerce\/proceed-to-checkout-block\" class=\"wp-block-woocommerce-proceed-to-checkout-block\"><\/div>\n<div id=\"ppcp-recaptcha-v2-container\" style=\"margin:20px 0;\"><\/div>\n\n\n<div data-block-name=\"woocommerce\/cart-accepted-payment-methods-block\" class=\"wp-block-woocommerce-cart-accepted-payment-methods-block\"><\/div>\n<\/div>\n<\/div>\n\n\n\n<div data-block-name=\"woocommerce\/empty-cart-block\" class=\"wp-block-woocommerce-empty-cart-block\">\n<h2 class=\"wp-block-heading has-text-align-center with-empty-cart-icon wc-block-cart__empty-cart__title\">Votre panier est actuellement vide !<\/h2>\n\n\n\n<p class=\"has-text-align-center\"><a href=\"https:\/\/www.romanoconte.photos\/fr\/shop\/\">Parcourir le shop<\/a><\/p>\n\n\n\n<hr class=\"wp-block-separator has-alpha-channel-opacity is-style-dots\"\/>\n\n\n\n<h2 class=\"wp-block-heading has-text-align-center\">Nouveau dans la boutique<\/h2>\n\n\n<div data-block-name=\"woocommerce\/product-new\" data-columns=\"4\" data-rows=\"1\" class=\"wc-block-grid wp-block-product-new wp-block-woocommerce-product-new wc-block-product-new has-4-columns\"><ul class=\"wc-block-grid__products\"><li class=\"wc-block-grid__product\">\n\t\t\t\t<a href=\"https:\/\/www.romanoconte.photos\/fr\/produit\/phayanak-buddha\/\" class=\"wc-block-grid__product-link\">\n\t\t\t\t\t\n\t\t\t\t\t<div class=\"wc-block-grid__product-image\"><img loading=\"lazy\" decoding=\"async\" width=\"300\" height=\"300\" src=\"https:\/\/www.romanoconte.photos\/wp-content\/uploads\/2025\/11\/romano-conte-photography-fine-art-print-Phaya-Nak-Buddha-300x300.jpg\" class=\"attachment-woocommerce_thumbnail size-woocommerce_thumbnail\" alt=\"\u00c9dition limit\u00e9e Fine Art \u00a9 par romano conte photography - Phaya Nak &amp; Bouddha\" \/><\/div>\n\t\t\t\t\t<div class=\"wc-block-grid__product-title\">Phaya Nak &amp; Bouddha<\/div>\n\t\t\t\t<\/a>\n\t\t\t\t<div class=\"wc-block-grid__product-price price\"><span class=\"woocommerce-Price-amount amount\" aria-hidden=\"true\">25.00&nbsp;<span class=\"woocommerce-Price-currencySymbol\">&#067;&#072;&#070;<\/span><\/span> <span aria-hidden=\"true\">\u00a0\u2013\u00a0<\/span> <span class=\"woocommerce-Price-amount amount\" aria-hidden=\"true\">699.00&nbsp;<span class=\"woocommerce-Price-currencySymbol\">&#067;&#072;&#070;<\/span><\/span><span class=\"screen-reader-text\">Plage de prix\u00a0: 25.00&nbsp;&#067;&#072;&#070; \u00e0 699.00&nbsp;&#067;&#072;&#070;<\/span><\/div>\n\t\t\t\t\n\t\t\t\t<div class=\"wp-block-button wc-block-grid__product-add-to-cart\"><a href=\"https:\/\/www.romanoconte.photos\/fr\/produit\/phayanak-buddha\/\" aria-label=\"S\u00e9lectionner les options pour &ldquo;Phaya Nak &amp; Bouddha&rdquo;\" data-quantity=\"1\" data-product_id=\"15087\" data-product_sku=\"PNB-029-90622\" data-price=\"25\" rel=\"nofollow\" class=\"wp-block-button__link  add_to_cart_button\">Choix des options<\/a><\/div>\n\t\t\t<\/li><li class=\"wc-block-grid__product\">\n\t\t\t\t<a href=\"https:\/\/www.romanoconte.photos\/fr\/produit\/le-silence-de-lhorizon-alpin-copy-2\/\" class=\"wc-block-grid__product-link\">\n\t\t\t\t\t\n\t\t\t\t\t<div class=\"wc-block-grid__product-image\"><img loading=\"lazy\" decoding=\"async\" width=\"300\" height=\"300\" src=\"https:\/\/www.romanoconte.photos\/wp-content\/uploads\/2025\/11\/romano-conte-photography-fine-art-print-Dance-on-the-Thistle-300x300.jpg\" class=\"attachment-woocommerce_thumbnail size-woocommerce_thumbnail\" alt=\"Fine Art Limited Edition \u00a9 by romano conte photography - Dance on the Thistle\" \/><\/div>\n\t\t\t\t\t<div class=\"wc-block-grid__product-title\">Le silence de l&rsquo;horizon alpin (Copy)<\/div>\n\t\t\t\t<\/a>\n\t\t\t\t<div class=\"wc-block-grid__product-price price\"><span class=\"woocommerce-Price-amount amount\" aria-hidden=\"true\">25.00&nbsp;<span class=\"woocommerce-Price-currencySymbol\">&#067;&#072;&#070;<\/span><\/span> <span aria-hidden=\"true\">\u00a0\u2013\u00a0<\/span> <span class=\"woocommerce-Price-amount amount\" aria-hidden=\"true\">699.00&nbsp;<span class=\"woocommerce-Price-currencySymbol\">&#067;&#072;&#070;<\/span><\/span><span class=\"screen-reader-text\">Plage de prix\u00a0: 25.00&nbsp;&#067;&#072;&#070; \u00e0 699.00&nbsp;&#067;&#072;&#070;<\/span><\/div>\n\t\t\t\t\n\t\t\t\t<div class=\"wp-block-button wc-block-grid__product-add-to-cart\"><a href=\"https:\/\/www.romanoconte.photos\/fr\/produit\/le-silence-de-lhorizon-alpin-copy-2\/\" aria-label=\"S\u00e9lectionner les options pour &ldquo;Le silence de l&#039;horizon alpin (Copy)&rdquo;\" data-quantity=\"1\" data-product_id=\"15021\" data-product_sku=\"DOT-028-90859\" data-price=\"25\" rel=\"nofollow\" class=\"wp-block-button__link  add_to_cart_button\">Choix des options<\/a><\/div>\n\t\t\t<\/li><li class=\"wc-block-grid__product\">\n\t\t\t\t<a href=\"https:\/\/www.romanoconte.photos\/fr\/produit\/sous-le-regard-de-la-gloire-copy\/\" class=\"wc-block-grid__product-link\">\n\t\t\t\t\t\n\t\t\t\t\t<div class=\"wc-block-grid__product-image\"><img loading=\"lazy\" decoding=\"async\" width=\"300\" height=\"300\" src=\"https:\/\/www.romanoconte.photos\/wp-content\/uploads\/2025\/11\/romano-conte-photography-fine-art-print-Bangkok-Traffic-Pulse-300x300.jpg\" class=\"attachment-woocommerce_thumbnail size-woocommerce_thumbnail\" alt=\"Fine Art Limited Edition \u00a9 by romano conte photography - Bangkok Traffic Pulse\" \/><\/div>\n\t\t\t\t\t<div class=\"wc-block-grid__product-title\">Sous le regard de la Gloire (Copy)<\/div>\n\t\t\t\t<\/a>\n\t\t\t\t<div class=\"wc-block-grid__product-price price\"><span class=\"woocommerce-Price-amount amount\" aria-hidden=\"true\">25.00&nbsp;<span class=\"woocommerce-Price-currencySymbol\">&#067;&#072;&#070;<\/span><\/span> <span aria-hidden=\"true\">\u00a0\u2013\u00a0<\/span> <span class=\"woocommerce-Price-amount amount\" aria-hidden=\"true\">699.00&nbsp;<span class=\"woocommerce-Price-currencySymbol\">&#067;&#072;&#070;<\/span><\/span><span class=\"screen-reader-text\">Plage de prix\u00a0: 25.00&nbsp;&#067;&#072;&#070; \u00e0 699.00&nbsp;&#067;&#072;&#070;<\/span><\/div>\n\t\t\t\t\n\t\t\t\t<div class=\"wp-block-button wc-block-grid__product-add-to-cart\"><a href=\"https:\/\/www.romanoconte.photos\/fr\/produit\/sous-le-regard-de-la-gloire-copy\/\" aria-label=\"S\u00e9lectionner les options pour &ldquo;Sous le regard de la Gloire (Copy)&rdquo;\" data-quantity=\"1\" data-product_id=\"14890\" data-product_sku=\"BTP-027-29744\" data-price=\"25\" rel=\"nofollow\" class=\"wp-block-button__link  add_to_cart_button\">Choix des options<\/a><\/div>\n\t\t\t<\/li><li class=\"wc-block-grid__product\">\n\t\t\t\t<a href=\"https:\/\/www.romanoconte.photos\/fr\/produit\/vue-encadree-de-florence-copy\/\" class=\"wc-block-grid__product-link\">\n\t\t\t\t\t\n\t\t\t\t\t<div class=\"wc-block-grid__product-image\"><img loading=\"lazy\" decoding=\"async\" width=\"300\" height=\"300\" src=\"https:\/\/www.romanoconte.photos\/wp-content\/uploads\/2025\/11\/romano-conte-photography-fine-art-print-Arches-of-Ancient-Geneva-300x300.jpg\" class=\"attachment-woocommerce_thumbnail size-woocommerce_thumbnail\" alt=\"Fine Art Limited Edition \u00a9 by romano conte photography - Arches of Ancient Geneva\" \/><\/div>\n\t\t\t\t\t<div class=\"wc-block-grid__product-title\">Vue encadr\u00e9e de Florence (Copy)<\/div>\n\t\t\t\t<\/a>\n\t\t\t\t<div class=\"wc-block-grid__product-price price\"><span class=\"woocommerce-Price-amount amount\" aria-hidden=\"true\">25.00&nbsp;<span class=\"woocommerce-Price-currencySymbol\">&#067;&#072;&#070;<\/span><\/span> <span aria-hidden=\"true\">\u00a0\u2013\u00a0<\/span> <span class=\"woocommerce-Price-amount amount\" aria-hidden=\"true\">529.00&nbsp;<span class=\"woocommerce-Price-currencySymbol\">&#067;&#072;&#070;<\/span><\/span><span class=\"screen-reader-text\">Plage de prix\u00a0: 25.00&nbsp;&#067;&#072;&#070; \u00e0 529.00&nbsp;&#067;&#072;&#070;<\/span><\/div>\n\t\t\t\t\n\t\t\t\t<div class=\"wp-block-button wc-block-grid__product-add-to-cart\"><a href=\"https:\/\/www.romanoconte.photos\/fr\/produit\/vue-encadree-de-florence-copy\/\" aria-label=\"S\u00e9lectionner les options pour &ldquo;Vue encadr\u00e9e de Florence (Copy)&rdquo;\" data-quantity=\"1\" data-product_id=\"14834\" data-product_sku=\"AAG-026-84649\" data-price=\"25\" rel=\"nofollow\" class=\"wp-block-button__link  add_to_cart_button\">Choix des options<\/a><\/div>\n\t\t\t<\/li><\/ul><\/div><\/div>\n<\/div>\n<input class=\"fooboxshare_post_id\" type=\"hidden\" value=\"9822\"\/>","protected":false},"excerpt":{"rendered":"","protected":false},"author":1,"featured_media":0,"parent":0,"menu_order":0,"comment_status":"closed","ping_status":"closed","template":"","meta":{"_et_pb_use_builder":"off","_et_pb_old_content":"","_et_gb_content_width":"","footnotes":""},"class_list":["post-9822","page","type-page","status-publish","hentry"],"yoast_head":"<!-- This site is optimized with the Yoast SEO plugin v26.7 - https:\/\/yoast.com\/wordpress\/plugins\/seo\/ -->\n<title>Panier - rc photography<\/title>\n<meta name=\"robots\" content=\"index, follow, max-snippet:-1, max-image-preview:large, max-video-preview:-1\" \/>\n<link rel=\"canonical\" href=\"https:\/\/www.romanoconte.photos\/fr\/panier\/\" \/>\n<meta property=\"og:locale\" content=\"fr_FR\" \/>\n<meta property=\"og:type\" content=\"article\" \/>\n<meta property=\"og:title\" content=\"Panier - rc photography\" \/>\n<meta property=\"og:url\" content=\"https:\/\/www.romanoconte.photos\/fr\/panier\/\" \/>\n<meta property=\"og:site_name\" content=\"rc photography\" \/>\n<meta property=\"article:publisher\" content=\"https:\/\/www.facebook.com\/sig.romanoconte\" \/>\n<meta property=\"article:modified_time\" content=\"2025-09-24T14:03:48+00:00\" \/>\n<meta property=\"og:image\" content=\"https:\/\/www.romanoconte.photos\/wp-content\/uploads\/2025\/09\/RC-SIGN-ORANGE-wFlashSml.webp\" \/>\n\t<meta property=\"og:image:width\" content=\"746\" \/>\n\t<meta property=\"og:image:height\" content=\"163\" \/>\n\t<meta property=\"og:image:type\" content=\"image\/png\" \/>\n<meta name=\"twitter:card\" content=\"summary_large_image\" \/>\n<script type=\"application\/ld+json\" class=\"yoast-schema-graph\">{\"@context\":\"https:\/\/schema.org\",\"@graph\":[{\"@type\":\"WebPage\",\"@id\":\"https:\/\/www.romanoconte.photos\/fr\/panier\/\",\"url\":\"https:\/\/www.romanoconte.photos\/fr\/panier\/\",\"name\":\"Panier - rc photography\",\"isPartOf\":{\"@id\":\"https:\/\/www.romanoconte.photos\/fr\/#website\"},\"datePublished\":\"2023-02-06T18:14:55+00:00\",\"dateModified\":\"2025-09-24T14:03:48+00:00\",\"breadcrumb\":{\"@id\":\"https:\/\/www.romanoconte.photos\/fr\/panier\/#breadcrumb\"},\"inLanguage\":\"fr-FR\",\"potentialAction\":[{\"@type\":\"ReadAction\",\"target\":[\"https:\/\/www.romanoconte.photos\/fr\/panier\/\"]}]},{\"@type\":\"BreadcrumbList\",\"@id\":\"https:\/\/www.romanoconte.photos\/fr\/panier\/#breadcrumb\",\"itemListElement\":[{\"@type\":\"ListItem\",\"position\":1,\"name\":\"Home\",\"item\":\"https:\/\/www.romanoconte.photos\/fr\/\"},{\"@type\":\"ListItem\",\"position\":2,\"name\":\"Panier\"}]},{\"@type\":\"WebSite\",\"@id\":\"https:\/\/www.romanoconte.photos\/fr\/#website\",\"url\":\"https:\/\/www.romanoconte.photos\/fr\/\",\"name\":\"romano conte photography\",\"description\":\"romano conte photography \u2014 turning light into art\",\"publisher\":{\"@id\":\"https:\/\/www.romanoconte.photos\/fr\/#\/schema\/person\/85d150e840fd19dc4bf50a90aea7d41e\"},\"alternateName\":\"rc photography\",\"potentialAction\":[{\"@type\":\"SearchAction\",\"target\":{\"@type\":\"EntryPoint\",\"urlTemplate\":\"https:\/\/www.romanoconte.photos\/fr\/?s={search_term_string}\"},\"query-input\":{\"@type\":\"PropertyValueSpecification\",\"valueRequired\":true,\"valueName\":\"search_term_string\"}}],\"inLanguage\":\"fr-FR\"},{\"@type\":[\"Person\",\"Organization\"],\"@id\":\"https:\/\/www.romanoconte.photos\/fr\/#\/schema\/person\/85d150e840fd19dc4bf50a90aea7d41e\",\"name\":\"romano conte\",\"image\":{\"@type\":\"ImageObject\",\"inLanguage\":\"fr-FR\",\"@id\":\"https:\/\/www.romanoconte.photos\/fr\/#\/schema\/person\/image\/\",\"url\":\"https:\/\/www.romanoconte.photos\/wp-content\/uploads\/2025\/09\/RC-SIGN-ORANGE-wFlashSml.webp\",\"contentUrl\":\"https:\/\/www.romanoconte.photos\/wp-content\/uploads\/2025\/09\/RC-SIGN-ORANGE-wFlashSml.webp\",\"width\":746,\"height\":163,\"caption\":\"romano conte\"},\"logo\":{\"@id\":\"https:\/\/www.romanoconte.photos\/fr\/#\/schema\/person\/image\/\"},\"description\":\"Inspired by light, I capture fragile instants that only exist once before vanishing forever. What remains are fragments of space and time, framed for those who seek more than just images. This is not simply photography for decoration. It is a pursuit of the unrepeatable \u2014 a dialogue with silence, time, and light itself. I have chosen to share this passion openly, presenting here a curated collection of my photographic artwork. And if you pause here, perhaps the light has found you, too. Enjoy the journey!\",\"sameAs\":[\"https:\/\/www.romanoconte.photos\",\"https:\/\/www.facebook.com\/sig.romanoconte\",\"https:\/\/www.instagram.com\/sig.romanoconte\/\"]}]}<\/script>\n<!-- \/ Yoast SEO plugin. -->","yoast_head_json":{"title":"Panier - rc photography","robots":{"index":"index","follow":"follow","max-snippet":"max-snippet:-1","max-image-preview":"max-image-preview:large","max-video-preview":"max-video-preview:-1"},"canonical":"https:\/\/www.romanoconte.photos\/fr\/panier\/","og_locale":"fr_FR","og_type":"article","og_title":"Panier - rc photography","og_url":"https:\/\/www.romanoconte.photos\/fr\/panier\/","og_site_name":"rc photography","article_publisher":"https:\/\/www.facebook.com\/sig.romanoconte","article_modified_time":"2025-09-24T14:03:48+00:00","og_image":[{"width":746,"height":163,"url":"https:\/\/www.romanoconte.photos\/wp-content\/uploads\/2025\/09\/RC-SIGN-ORANGE-wFlashSml.webp","type":"image\/png"}],"twitter_card":"summary_large_image","schema":{"@context":"https:\/\/schema.org","@graph":[{"@type":"WebPage","@id":"https:\/\/www.romanoconte.photos\/fr\/panier\/","url":"https:\/\/www.romanoconte.photos\/fr\/panier\/","name":"Panier - rc photography","isPartOf":{"@id":"https:\/\/www.romanoconte.photos\/fr\/#website"},"datePublished":"2023-02-06T18:14:55+00:00","dateModified":"2025-09-24T14:03:48+00:00","breadcrumb":{"@id":"https:\/\/www.romanoconte.photos\/fr\/panier\/#breadcrumb"},"inLanguage":"fr-FR","potentialAction":[{"@type":"ReadAction","target":["https:\/\/www.romanoconte.photos\/fr\/panier\/"]}]},{"@type":"BreadcrumbList","@id":"https:\/\/www.romanoconte.photos\/fr\/panier\/#breadcrumb","itemListElement":[{"@type":"ListItem","position":1,"name":"Home","item":"https:\/\/www.romanoconte.photos\/fr\/"},{"@type":"ListItem","position":2,"name":"Panier"}]},{"@type":"WebSite","@id":"https:\/\/www.romanoconte.photos\/fr\/#website","url":"https:\/\/www.romanoconte.photos\/fr\/","name":"romano conte photography","description":"romano conte photography \u2014 turning light into art","publisher":{"@id":"https:\/\/www.romanoconte.photos\/fr\/#\/schema\/person\/85d150e840fd19dc4bf50a90aea7d41e"},"alternateName":"rc photography","potentialAction":[{"@type":"SearchAction","target":{"@type":"EntryPoint","urlTemplate":"https:\/\/www.romanoconte.photos\/fr\/?s={search_term_string}"},"query-input":{"@type":"PropertyValueSpecification","valueRequired":true,"valueName":"search_term_string"}}],"inLanguage":"fr-FR"},{"@type":["Person","Organization"],"@id":"https:\/\/www.romanoconte.photos\/fr\/#\/schema\/person\/85d150e840fd19dc4bf50a90aea7d41e","name":"romano conte","image":{"@type":"ImageObject","inLanguage":"fr-FR","@id":"https:\/\/www.romanoconte.photos\/fr\/#\/schema\/person\/image\/","url":"https:\/\/www.romanoconte.photos\/wp-content\/uploads\/2025\/09\/RC-SIGN-ORANGE-wFlashSml.webp","contentUrl":"https:\/\/www.romanoconte.photos\/wp-content\/uploads\/2025\/09\/RC-SIGN-ORANGE-wFlashSml.webp","width":746,"height":163,"caption":"romano conte"},"logo":{"@id":"https:\/\/www.romanoconte.photos\/fr\/#\/schema\/person\/image\/"},"description":"Inspired by light, I capture fragile instants that only exist once before vanishing forever. What remains are fragments of space and time, framed for those who seek more than just images. This is not simply photography for decoration. It is a pursuit of the unrepeatable \u2014 a dialogue with silence, time, and light itself. I have chosen to share this passion openly, presenting here a curated collection of my photographic artwork. And if you pause here, perhaps the light has found you, too. Enjoy the journey!","sameAs":["https:\/\/www.romanoconte.photos","https:\/\/www.facebook.com\/sig.romanoconte","https:\/\/www.instagram.com\/sig.romanoconte\/"]}]}},"_links":{"self":[{"href":"https:\/\/www.romanoconte.photos\/fr\/wp-json\/wp\/v2\/pages\/9822","targetHints":{"allow":["GET"]}}],"collection":[{"href":"https:\/\/www.romanoconte.photos\/fr\/wp-json\/wp\/v2\/pages"}],"about":[{"href":"https:\/\/www.romanoconte.photos\/fr\/wp-json\/wp\/v2\/types\/page"}],"author":[{"embeddable":true,"href":"https:\/\/www.romanoconte.photos\/fr\/wp-json\/wp\/v2\/users\/1"}],"replies":[{"embeddable":true,"href":"https:\/\/www.romanoconte.photos\/fr\/wp-json\/wp\/v2\/comments?post=9822"}],"version-history":[{"count":5,"href":"https:\/\/www.romanoconte.photos\/fr\/wp-json\/wp\/v2\/pages\/9822\/revisions"}],"predecessor-version":[{"id":11921,"href":"https:\/\/www.romanoconte.photos\/fr\/wp-json\/wp\/v2\/pages\/9822\/revisions\/11921"}],"wp:attachment":[{"href":"https:\/\/www.romanoconte.photos\/fr\/wp-json\/wp\/v2\/media?parent=9822"}],"curies":[{"name":"wp","href":"https:\/\/api.w.org\/{rel}","templated":true}]}}