{"id":9872,"date":"2023-02-12T14:12:10","date_gmt":"2023-02-12T13:12:10","guid":{"rendered":"https:\/\/www.romanoconte.photos\/droits-dauteur\/"},"modified":"2025-11-29T09:11:49","modified_gmt":"2025-11-29T08:11:49","slug":"copyright-fr","status":"publish","type":"page","link":"https:\/\/www.romanoconte.photos\/fr\/copyright-fr\/","title":{"rendered":"Droits d&rsquo;auteur"},"content":{"rendered":"<p>[et_pb_section fb_built=\u00a0\u00bb1&Prime; admin_label=\u00a0\u00bbsection\u00a0\u00bb module_id=\u00a0\u00bbportfolio\u00a0\u00bb _builder_version=\u00a0\u00bb4.27.4&Prime; background_color=\u00a0\u00bb#000000&Prime; custom_padding=\u00a0\u00bb33px|0px|33px|0px||\u00a0\u00bb transparent_background=\u00a0\u00bboff\u00a0\u00bb make_fullwidth=\u00a0\u00bboff\u00a0\u00bb use_custom_width=\u00a0\u00bboff\u00a0\u00bb width_unit=\u00a0\u00bboff\u00a0\u00bb custom_width_px=\u00a0\u00bb1080px\u00a0\u00bb custom_width_percent=\u00a0\u00bb80%\u00a0\u00bb global_colors_info=\u00a0\u00bb{}\u00a0\u00bb][et_pb_row custom_padding_last_edited=\u00a0\u00bbon|desktop\u00a0\u00bb admin_label=\u00a0\u00bbligne\u00a0\u00bb _builder_version=\u00a0\u00bb4.20.0&Prime; background_size=\u00a0\u00bbinitial\u00a0\u00bb background_position=\u00a0\u00bbtop_left\u00a0\u00bb background_repeat=\u00a0\u00bbrepeat\u00a0\u00bb custom_padding=\u00a0\u00bb0px|0px|0px|0px\u00a0\u00bb custom_padding_tablet=\u00a0\u00bb\u00a0\u00bb custom_padding_phone=\u00a0\u00bb\u00a0\u00bb make_fullwidth=\u00a0\u00bboff\u00a0\u00bb use_custom_width=\u00a0\u00bbon\u00a0\u00bb width_unit=\u00a0\u00bbon\u00a0\u00bb custom_width_px=\u00a0\u00bb1080px\u00a0\u00bb custom_width_percent=\u00a0\u00bb80%\u00a0\u00bb global_colors_info=\u00a0\u00bb{}\u00a0\u00bb][et_pb_column type=\u00a0\u00bb4_4&Prime; _builder_version=\u00a0\u00bb4.16&Prime; custom_padding=\u00a0\u00bb|||\u00a0\u00bb global_colors_info=\u00a0\u00bb{}\u00a0\u00bb custom_padding__hover=\u00a0\u00bb|||\u00a0\u00bb][et_pb_text disabled_on=\u00a0\u00bboff|off|off\u00a0\u00bb admin_label=\u00a0\u00bbText\u00a0\u00bb module_id=\u00a0\u00bbtop\u00a0\u00bb _builder_version=\u00a0\u00bb4.27.4&Prime; text_font=\u00a0\u00bbOpen Sans||||||||\u00a0\u00bb header_font=\u00a0\u00bbOpen Sans||||||||\u00a0\u00bb header_text_align=\u00a0\u00bbcenter\u00a0\u00bb header_2_font=\u00a0\u00bbOpen Sans||||||||\u00a0\u00bb header_3_font=\u00a0\u00bbOpen Sans||||||||\u00a0\u00bb background_size=\u00a0\u00bbinitial\u00a0\u00bb background_position=\u00a0\u00bbtop_left\u00a0\u00bb background_repeat=\u00a0\u00bbrepeat\u00a0\u00bb text_orientation=\u00a0\u00bbcenter\u00a0\u00bb module_alignment=\u00a0\u00bbcenter\u00a0\u00bb custom_margin=\u00a0\u00bb||||false|false\u00a0\u00bb custom_margin_tablet=\u00a0\u00bb\u00a0\u00bb custom_margin_phone=\u00a0\u00bb|||0px\u00a0\u00bb custom_margin_last_edited=\u00a0\u00bbon|phone\u00a0\u00bb use_border_color=\u00a0\u00bboff\u00a0\u00bb border_style=\u00a0\u00bbsolid\u00a0\u00bb global_colors_info=\u00a0\u00bb{}\u00a0\u00bb]<\/p>\n<h1 style=\"text-align: left;\"><span style=\"color: #ffffff;\">Droit d\u2019auteur<\/span><\/h1>\n<p>[\/et_pb_text][\/et_pb_column][\/et_pb_row][et_pb_row use_custom_gutter=\u00a0\u00bbon\u00a0\u00bb gutter_width=\u00a0\u00bb2&Prime; admin_label=\u00a0\u00bbligne\u00a0\u00bb _builder_version=\u00a0\u00bb4.16&Prime; background_size=\u00a0\u00bbinitial\u00a0\u00bb background_position=\u00a0\u00bbtop_left\u00a0\u00bb background_repeat=\u00a0\u00bbrepeat\u00a0\u00bb custom_padding=\u00a0\u00bb33px|0px|0px|0px||\u00a0\u00bb make_fullwidth=\u00a0\u00bboff\u00a0\u00bb use_custom_width=\u00a0\u00bbon\u00a0\u00bb width_unit=\u00a0\u00bbon\u00a0\u00bb custom_width_px=\u00a0\u00bb1080px\u00a0\u00bb custom_width_percent=\u00a0\u00bb80%\u00a0\u00bb global_colors_info=\u00a0\u00bb{}\u00a0\u00bb][et_pb_column type=\u00a0\u00bb4_4&Prime; _builder_version=\u00a0\u00bb4.16&Prime; custom_padding=\u00a0\u00bb|||\u00a0\u00bb global_colors_info=\u00a0\u00bb{}\u00a0\u00bb custom_padding__hover=\u00a0\u00bb|||\u00a0\u00bb][et_pb_text _builder_version=\u00a0\u00bb4.27.4&Prime; _module_preset=\u00a0\u00bbdefault\u00a0\u00bb text_font=\u00a0\u00bbOpen Sans||||||||\u00a0\u00bb text_text_color=\u00a0\u00bb#999999&Prime; header_text_align=\u00a0\u00bbcenter\u00a0\u00bb module_alignment=\u00a0\u00bbcenter\u00a0\u00bb custom_margin=\u00a0\u00bb||||false|false\u00a0\u00bb global_colors_info=\u00a0\u00bb{}\u00a0\u00bb]<\/p>\n<p><strong><span\">Entr\u00e9e en vigueur le : 9 septembre 2025<\/span><\/strong><\/p>\n<p>[\/et_pb_text][\/et_pb_column][\/et_pb_row][et_pb_row _builder_version=\u00a0\u00bb4.27.4&Prime; _module_preset=\u00a0\u00bbdefault\u00a0\u00bb global_colors_info=\u00a0\u00bb{}\u00a0\u00bb][et_pb_column type=\u00a0\u00bb4_4&Prime; _builder_version=\u00a0\u00bb4.27.4&Prime; _module_preset=\u00a0\u00bbdefault\u00a0\u00bb global_colors_info=\u00a0\u00bb{}\u00a0\u00bb][et_pb_text module_id=\u00a0\u00bbnotions\u00a0\u00bb _builder_version=\u00a0\u00bb4.27.4&Prime; _module_preset=\u00a0\u00bbdefault\u00a0\u00bb text_text_color=\u00a0\u00bb#FFFFFF\u00a0\u00bb text_orientation=\u00a0\u00bbjustified\u00a0\u00bb custom_margin=\u00a0\u00bb10px||||false|false\u00a0\u00bb global_colors_info=\u00a0\u00bb{}\u00a0\u00bb]<\/p>\n<h3 style=\"color: #2ea3f2;\">TOUS DROITS R\u00c9SERV\u00c9S<\/h3>\n<p style=\"font-size: 16px; font-style: normal; color: #e3e3e3;\">L&rsquo;int\u00e9gralit\u00e9 du contenu du site web <a href=\"https:\/\/www.romanoconte.photos\/fr\/\" target=\"_blank\" style=\"font-size: 16px; font-style: normal;\" rel=\"noopener\">www.romanoconte.photos<\/a>, d\u00e9tenu et g\u00e9r\u00e9 par <strong><span style=\"color:#FF6F00\">romano conte photography<span><\/strong>, y compris, mais sans s&rsquo;y limiter, les photographies, les images de produits, les textes, la conception et le design, la mise en page, le code source et les scripts personnalis\u00e9s (\u00e0 l&rsquo;exclusion des plugins et des composants logiciels de tiers, qui restent la propri\u00e9t\u00e9 intellectuelle de leurs propri\u00e9taires respectifs), est prot\u00e9g\u00e9 par la loi f\u00e9d\u00e9rale suisse sur la protection des donn\u00e9es (LPD), ainsi que par le droit d&rsquo;auteur conform\u00e9ment, mais sans s&rsquo;y limiter, aux conventions internationales applicables en mati\u00e8re de propri\u00e9t\u00e9 intellectuelle, y compris la Convention universelle sur le droit d&rsquo;auteur, la Convention de Berne pour la protection des \u0153uvres litt\u00e9raires et artistiques et le Trait\u00e9 de l&rsquo;Organisation mondiale de la propri\u00e9t\u00e9 intellectuelle (OMPI) sur le droit d&rsquo;auteur (WCT), tels qu&rsquo;ils sont modifi\u00e9s et actuellement en vigueur.<\/p>\n<p>[\/et_pb_text][et_pb_text module_id=\u00a0\u00bbproducts\u00a0\u00bb _builder_version=\u00a0\u00bb4.27.4&Prime; _module_preset=\u00a0\u00bbdefault\u00a0\u00bb text_orientation=\u00a0\u00bbjustified\u00a0\u00bb global_colors_info=\u00a0\u00bb{}\u00a0\u00bb]<\/p>\n<p style=\"font-size:16px; font-style:normal; color:#e3e3e3\">Il est strictement interdit de reproduire, copier, adapter, modifier, enregistrer, vendre, revendre, publier, partager ou distribuer toute partie de cette \u0153uvre sous quelque forme que ce soit et \u00e0 quelque fin que ce soit, commerciale ou non, sans l&rsquo;autorisation pr\u00e9alable, expresse et \u00e9crite de l&rsquo;auteur ou de ses successeurs l\u00e9gaux ou ayants droit. Tous les droits de traduction, en tout ou en partie, sont \u00e9galement r\u00e9serv\u00e9s. Toute violation de ces dispositions sera poursuivie et sanctionn\u00e9e conform\u00e9ment aux lois applicables en vigueur.  <\/p>\n<p>[\/et_pb_text][et_pb_text module_id=\u00a0\u00bbproducts\u00a0\u00bb _builder_version=\u00a0\u00bb4.27.4&Prime; _module_preset=\u00a0\u00bbdefault\u00a0\u00bb text_orientation=\u00a0\u00bbjustified\u00a0\u00bb hover_enabled=\u00a0\u00bb0&Prime; global_colors_info=\u00a0\u00bb{}\u00a0\u00bb sticky_enabled=\u00a0\u00bb0&Prime;]<\/p>\n<p style=\"font-size:16px; font-style:normal; color:#e3e3e3\">Les photographies de ce site ou issues de t\u00e9l\u00e9chargements num\u00e9riques acquis l\u00e9galement ne peuvent \u00eatre copi\u00e9es, partag\u00e9es ou redistribu\u00e9es sous quelque forme que ce soit, sauf autorisation expresse pr\u00e9vue ci-dessous. Une utilisation limit\u00e9e est autoris\u00e9e exclusivement \u00e0 des fins personnelles ou non commerciales, y compris l\u2019affichage sur des appareils personnels, des comptes de r\u00e9seaux sociaux priv\u00e9s, des pr\u00e9sentations \u00e9ducatives, des projets acad\u00e9miques, des pr\u00e9sentations professionnelles ou de voyage, ainsi que l\u2019insertion sur des sites web priv\u00e9s ou professionnels, \u00e0 condition que : <\/p>\n<ul style=\"font-size:16px; font-style:normal; color:#e3e3e3; margin-left:20px; margin-top: -4px;\">\n<li>l\u2019image demeure inchang\u00e9e,<\/li>\n<li>aucun avantage commercial, direct ou indirect, ne soit tir\u00e9 de son utilisation,<\/li>\n<li>l\u2019auteur (<strong><span style=\"color:#FF6F00\">romano conte photography<\/span><\/strong>) et la source (<a href=\"https:\/\/www.romanoconte.photos\/fr\/\" target=\"_blank\" style=\"font-size:16px; font-style:normal;\">www.romanoconte.photos<\/a>) soient clairement mentionn\u00e9s.<\/li>\n<\/ul>\n<p style=\"font-size:16px; font-style:normal; color:#e3e3e3\">Toute autre utilisation \u2014 y compris, sans toutefois s\u2019y limiter, la modification, la revente, la redistribution, la publication \u00e0 des fins commerciales ou l\u2019int\u00e9gration dans du mat\u00e9riel promotionnel \u2014 requiert l\u2019autorisation pr\u00e9alable, expresse et \u00e9crite de l\u2019auteur.<\/p>\n<p>[\/et_pb_text][et_pb_text module_id=\u00a0\u00bbpayment\u00a0\u00bb _builder_version=\u00a0\u00bb4.27.4&Prime; _module_preset=\u00a0\u00bbdefault\u00a0\u00bb text_orientation=\u00a0\u00bbjustified\u00a0\u00bb global_colors_info=\u00a0\u00bb{}\u00a0\u00bb]<\/p>\n<p style=\"font-size:16px; font-style:normal; color:#e3e3e3\">Pour soumettre une demande d&rsquo;autorisation, ou pour toute autre demande, les parties int\u00e9ress\u00e9es peuvent contacter <strong><span style=\"color:#FF6F00\">romano conte photography<span><\/strong> par le biais du <a href=\"https:\/\/www.romanoconte.photos\/fr\/contact\/\" target=\"_blank\" style=\"font-size: 16px; font-style: normal;\" rel=\"noopener\">formulaire de contact en ligne<\/a> pr\u00e9vu \u00e0 cet effet ou par <a href=\"mailto:contact@romanoconte.photos\">e-mail<\/a>, avec une demande d\u00fbment motiv\u00e9e.<\/p>\n<p>[\/et_pb_text][et_pb_text module_id=\u00a0\u00bbformats\u00a0\u00bb _builder_version=\u00a0\u00bb4.27.4&Prime; _module_preset=\u00a0\u00bbdefault\u00a0\u00bb text_orientation=\u00a0\u00bbjustified\u00a0\u00bb global_colors_info=\u00a0\u00bb{}\u00a0\u00bb]<\/p>\n<p style=\"font-size:16px; font-style:normal; color:#e3e3e3\">De courts extraits peuvent \u00eatre cit\u00e9s \u00e0 des fins l\u00e9gitimes, \u00e0 condition que l\u2019\u0153uvre et son auteur soient d\u00fbment cr\u00e9dit\u00e9s avec une r\u00e9f\u00e9rence appropri\u00e9e et pr\u00e9cise au contenu original.<\/p>\n<p>[\/et_pb_text][et_pb_text module_id=\u00a0\u00bbprices\u00a0\u00bb _builder_version=\u00a0\u00bb4.27.4&Prime; _module_preset=\u00a0\u00bbdefault\u00a0\u00bb text_orientation=\u00a0\u00bbjustified\u00a0\u00bb global_colors_info=\u00a0\u00bb{}\u00a0\u00bb]<\/p>\n<p style=\"font-size:16px; font-style:normal; color:#e3e3e3\">Chaque tirage en \u00e9dition limit\u00e9e est d\u00e9livr\u00e9 avec un certificat d\u2019authenticit\u00e9 (COA) et un sceau correspondant, qui font tous deux partie int\u00e9grante de l\u2019\u0153uvre prot\u00e9g\u00e9e par droit d\u2019auteur. Le COA confirme l\u2019originalit\u00e9 de l\u2019\u0153uvre et atteste de son statut d\u2019\u00e9dition limit\u00e9e. Toute reproduction, alt\u00e9ration ou falsification non autoris\u00e9e, ainsi que toute manipulation des COA, sceaux, codes QR ou enregistrements de base de donn\u00e9es associ\u00e9s, est strictement interdite et passible de poursuites judiciaires.  <\/p>\n<p>[\/et_pb_text][\/et_pb_column][\/et_pb_row][\/et_pb_section]<\/p>\n<input class=\"fooboxshare_post_id\" type=\"hidden\" value=\"9872\"\/>","protected":false},"excerpt":{"rendered":"<p>Droit d\u2019auteur<\/p>\n","protected":false},"author":1,"featured_media":0,"parent":0,"menu_order":0,"comment_status":"closed","ping_status":"closed","template":"","meta":{"_et_pb_use_builder":"on","_et_pb_old_content":"","_et_gb_content_width":"","footnotes":""},"class_list":["post-9872","page","type-page","status-publish","hentry"],"yoast_head":"<!-- This site is optimized with the Yoast SEO plugin v26.7 - https:\/\/yoast.com\/wordpress\/plugins\/seo\/ -->\n<title>Droits d&#039;auteur - rc photography<\/title>\n<meta name=\"robots\" content=\"index, follow, max-snippet:-1, max-image-preview:large, max-video-preview:-1\" \/>\n<link rel=\"canonical\" href=\"https:\/\/www.romanoconte.photos\/fr\/copyright-fr\/\" \/>\n<meta property=\"og:locale\" content=\"fr_FR\" \/>\n<meta property=\"og:type\" content=\"article\" \/>\n<meta property=\"og:title\" content=\"Droits d&#039;auteur - rc photography\" \/>\n<meta property=\"og:description\" content=\"Droit d\u2019auteur\" \/>\n<meta property=\"og:url\" content=\"https:\/\/www.romanoconte.photos\/fr\/copyright-fr\/\" \/>\n<meta property=\"og:site_name\" content=\"rc photography\" \/>\n<meta property=\"article:publisher\" content=\"https:\/\/www.facebook.com\/sig.romanoconte\" \/>\n<meta property=\"article:modified_time\" content=\"2025-11-29T08:11:49+00:00\" \/>\n<meta property=\"og:image\" content=\"https:\/\/www.romanoconte.photos\/wp-content\/uploads\/2025\/09\/RC-SIGN-ORANGE-wFlashSml.webp\" \/>\n\t<meta property=\"og:image:width\" content=\"746\" \/>\n\t<meta property=\"og:image:height\" content=\"163\" \/>\n\t<meta property=\"og:image:type\" content=\"image\/png\" \/>\n<meta name=\"twitter:card\" content=\"summary_large_image\" \/>\n<meta name=\"twitter:label1\" content=\"Dur\u00e9e de lecture estim\u00e9e\" \/>\n\t<meta name=\"twitter:data1\" content=\"1 minute\" \/>\n<script type=\"application\/ld+json\" class=\"yoast-schema-graph\">{\"@context\":\"https:\/\/schema.org\",\"@graph\":[{\"@type\":\"WebPage\",\"@id\":\"https:\/\/www.romanoconte.photos\/fr\/copyright-fr\/\",\"url\":\"https:\/\/www.romanoconte.photos\/fr\/copyright-fr\/\",\"name\":\"Droits d'auteur - rc photography\",\"isPartOf\":{\"@id\":\"https:\/\/www.romanoconte.photos\/fr\/#website\"},\"datePublished\":\"2023-02-12T13:12:10+00:00\",\"dateModified\":\"2025-11-29T08:11:49+00:00\",\"breadcrumb\":{\"@id\":\"https:\/\/www.romanoconte.photos\/fr\/copyright-fr\/#breadcrumb\"},\"inLanguage\":\"fr-FR\",\"potentialAction\":[{\"@type\":\"ReadAction\",\"target\":[\"https:\/\/www.romanoconte.photos\/fr\/copyright-fr\/\"]}]},{\"@type\":\"BreadcrumbList\",\"@id\":\"https:\/\/www.romanoconte.photos\/fr\/copyright-fr\/#breadcrumb\",\"itemListElement\":[{\"@type\":\"ListItem\",\"position\":1,\"name\":\"Home\",\"item\":\"https:\/\/www.romanoconte.photos\/fr\/\"},{\"@type\":\"ListItem\",\"position\":2,\"name\":\"Droits d&rsquo;auteur\"}]},{\"@type\":\"WebSite\",\"@id\":\"https:\/\/www.romanoconte.photos\/fr\/#website\",\"url\":\"https:\/\/www.romanoconte.photos\/fr\/\",\"name\":\"romano conte photography\",\"description\":\"romano conte photography \u2014 turning light into art\",\"publisher\":{\"@id\":\"https:\/\/www.romanoconte.photos\/fr\/#\/schema\/person\/85d150e840fd19dc4bf50a90aea7d41e\"},\"alternateName\":\"rc photography\",\"potentialAction\":[{\"@type\":\"SearchAction\",\"target\":{\"@type\":\"EntryPoint\",\"urlTemplate\":\"https:\/\/www.romanoconte.photos\/fr\/?s={search_term_string}\"},\"query-input\":{\"@type\":\"PropertyValueSpecification\",\"valueRequired\":true,\"valueName\":\"search_term_string\"}}],\"inLanguage\":\"fr-FR\"},{\"@type\":[\"Person\",\"Organization\"],\"@id\":\"https:\/\/www.romanoconte.photos\/fr\/#\/schema\/person\/85d150e840fd19dc4bf50a90aea7d41e\",\"name\":\"romano conte\",\"image\":{\"@type\":\"ImageObject\",\"inLanguage\":\"fr-FR\",\"@id\":\"https:\/\/www.romanoconte.photos\/fr\/#\/schema\/person\/image\/\",\"url\":\"https:\/\/www.romanoconte.photos\/wp-content\/uploads\/2025\/09\/RC-SIGN-ORANGE-wFlashSml.webp\",\"contentUrl\":\"https:\/\/www.romanoconte.photos\/wp-content\/uploads\/2025\/09\/RC-SIGN-ORANGE-wFlashSml.webp\",\"width\":746,\"height\":163,\"caption\":\"romano conte\"},\"logo\":{\"@id\":\"https:\/\/www.romanoconte.photos\/fr\/#\/schema\/person\/image\/\"},\"description\":\"Inspired by light, I capture fragile instants that only exist once before vanishing forever. What remains are fragments of space and time, framed for those who seek more than just images. This is not simply photography for decoration. It is a pursuit of the unrepeatable \u2014 a dialogue with silence, time, and light itself. I have chosen to share this passion openly, presenting here a curated collection of my photographic artwork. And if you pause here, perhaps the light has found you, too. Enjoy the journey!\",\"sameAs\":[\"https:\/\/www.romanoconte.photos\",\"https:\/\/www.facebook.com\/sig.romanoconte\",\"https:\/\/www.instagram.com\/sig.romanoconte\/\"]}]}<\/script>\n<!-- \/ Yoast SEO plugin. -->","yoast_head_json":{"title":"Droits d'auteur - rc photography","robots":{"index":"index","follow":"follow","max-snippet":"max-snippet:-1","max-image-preview":"max-image-preview:large","max-video-preview":"max-video-preview:-1"},"canonical":"https:\/\/www.romanoconte.photos\/fr\/copyright-fr\/","og_locale":"fr_FR","og_type":"article","og_title":"Droits d'auteur - rc photography","og_description":"Droit d\u2019auteur","og_url":"https:\/\/www.romanoconte.photos\/fr\/copyright-fr\/","og_site_name":"rc photography","article_publisher":"https:\/\/www.facebook.com\/sig.romanoconte","article_modified_time":"2025-11-29T08:11:49+00:00","og_image":[{"width":746,"height":163,"url":"https:\/\/www.romanoconte.photos\/wp-content\/uploads\/2025\/09\/RC-SIGN-ORANGE-wFlashSml.webp","type":"image\/png"}],"twitter_card":"summary_large_image","twitter_misc":{"Dur\u00e9e de lecture estim\u00e9e":"1 minute"},"schema":{"@context":"https:\/\/schema.org","@graph":[{"@type":"WebPage","@id":"https:\/\/www.romanoconte.photos\/fr\/copyright-fr\/","url":"https:\/\/www.romanoconte.photos\/fr\/copyright-fr\/","name":"Droits d'auteur - rc photography","isPartOf":{"@id":"https:\/\/www.romanoconte.photos\/fr\/#website"},"datePublished":"2023-02-12T13:12:10+00:00","dateModified":"2025-11-29T08:11:49+00:00","breadcrumb":{"@id":"https:\/\/www.romanoconte.photos\/fr\/copyright-fr\/#breadcrumb"},"inLanguage":"fr-FR","potentialAction":[{"@type":"ReadAction","target":["https:\/\/www.romanoconte.photos\/fr\/copyright-fr\/"]}]},{"@type":"BreadcrumbList","@id":"https:\/\/www.romanoconte.photos\/fr\/copyright-fr\/#breadcrumb","itemListElement":[{"@type":"ListItem","position":1,"name":"Home","item":"https:\/\/www.romanoconte.photos\/fr\/"},{"@type":"ListItem","position":2,"name":"Droits d&rsquo;auteur"}]},{"@type":"WebSite","@id":"https:\/\/www.romanoconte.photos\/fr\/#website","url":"https:\/\/www.romanoconte.photos\/fr\/","name":"romano conte photography","description":"romano conte photography \u2014 turning light into art","publisher":{"@id":"https:\/\/www.romanoconte.photos\/fr\/#\/schema\/person\/85d150e840fd19dc4bf50a90aea7d41e"},"alternateName":"rc photography","potentialAction":[{"@type":"SearchAction","target":{"@type":"EntryPoint","urlTemplate":"https:\/\/www.romanoconte.photos\/fr\/?s={search_term_string}"},"query-input":{"@type":"PropertyValueSpecification","valueRequired":true,"valueName":"search_term_string"}}],"inLanguage":"fr-FR"},{"@type":["Person","Organization"],"@id":"https:\/\/www.romanoconte.photos\/fr\/#\/schema\/person\/85d150e840fd19dc4bf50a90aea7d41e","name":"romano conte","image":{"@type":"ImageObject","inLanguage":"fr-FR","@id":"https:\/\/www.romanoconte.photos\/fr\/#\/schema\/person\/image\/","url":"https:\/\/www.romanoconte.photos\/wp-content\/uploads\/2025\/09\/RC-SIGN-ORANGE-wFlashSml.webp","contentUrl":"https:\/\/www.romanoconte.photos\/wp-content\/uploads\/2025\/09\/RC-SIGN-ORANGE-wFlashSml.webp","width":746,"height":163,"caption":"romano conte"},"logo":{"@id":"https:\/\/www.romanoconte.photos\/fr\/#\/schema\/person\/image\/"},"description":"Inspired by light, I capture fragile instants that only exist once before vanishing forever. What remains are fragments of space and time, framed for those who seek more than just images. This is not simply photography for decoration. It is a pursuit of the unrepeatable \u2014 a dialogue with silence, time, and light itself. I have chosen to share this passion openly, presenting here a curated collection of my photographic artwork. And if you pause here, perhaps the light has found you, too. Enjoy the journey!","sameAs":["https:\/\/www.romanoconte.photos","https:\/\/www.facebook.com\/sig.romanoconte","https:\/\/www.instagram.com\/sig.romanoconte\/"]}]}},"_links":{"self":[{"href":"https:\/\/www.romanoconte.photos\/fr\/wp-json\/wp\/v2\/pages\/9872","targetHints":{"allow":["GET"]}}],"collection":[{"href":"https:\/\/www.romanoconte.photos\/fr\/wp-json\/wp\/v2\/pages"}],"about":[{"href":"https:\/\/www.romanoconte.photos\/fr\/wp-json\/wp\/v2\/types\/page"}],"author":[{"embeddable":true,"href":"https:\/\/www.romanoconte.photos\/fr\/wp-json\/wp\/v2\/users\/1"}],"replies":[{"embeddable":true,"href":"https:\/\/www.romanoconte.photos\/fr\/wp-json\/wp\/v2\/comments?post=9872"}],"version-history":[{"count":47,"href":"https:\/\/www.romanoconte.photos\/fr\/wp-json\/wp\/v2\/pages\/9872\/revisions"}],"predecessor-version":[{"id":15139,"href":"https:\/\/www.romanoconte.photos\/fr\/wp-json\/wp\/v2\/pages\/9872\/revisions\/15139"}],"wp:attachment":[{"href":"https:\/\/www.romanoconte.photos\/fr\/wp-json\/wp\/v2\/media?parent=9872"}],"curies":[{"name":"wp","href":"https:\/\/api.w.org\/{rel}","templated":true}]}}