{"id":12823,"date":"2025-10-01T17:26:09","date_gmt":"2025-10-01T15:26:09","guid":{"rendered":"https:\/\/www.romanoconte.photos\/?post_type=product&#038;p=12823"},"modified":"2025-11-01T18:08:06","modified_gmt":"2025-11-01T17:08:06","slug":"bangkok-sunset-vibes","status":"publish","type":"product","link":"https:\/\/www.romanoconte.photos\/fr\/produit\/bangkok-sunset-vibes\/","title":{"rendered":"Sunset Vibes \u00e0 Bangkok"},"content":{"rendered":"<p>Les tirages sont strictement limit\u00e9s \u00e0 10 exemplaires dans le monde pour chaque format, disponible en 60\u00d790 cm, 50\u00d775 cm, 40\u00d760 cm ou 30\u00d745 cm (rapport 2:3). Chaque \u0153uvre est r\u00e9alis\u00e9e sur du papier Alu-Dibond (brillant ou mat), du papier Baryta ou de la toile de qualit\u00e9 mus\u00e9ale, et peut \u00e9galement \u00eatre acquise sous forme de t\u00e9l\u00e9chargement num\u00e9rique.  Chaque tirage est accompagn\u00e9 d&rsquo;un Certificat d&rsquo;authenticit\u00e9 (\u00e0 l\u2019exclusion des t\u00e9l\u00e9chargements num\u00e9riques). \u00c9dition limit\u00e9e Fine Art \u00a9 par romano conte photography<\/p>\n<input class=\"fooboxshare_post_id\" type=\"hidden\" value=\"12823\"\/>","protected":false},"excerpt":{"rendered":"<p>Coucher de soleil sur Bangkok, o\u00f9 ville et fleuve brillent en harmonie \u00e9ternelle. Disponible en \u00e9dition limit\u00e9e \u00e0 10 exemplaires.<\/p>\n","protected":false},"featured_media":12858,"template":"","meta":{"_et_pb_use_builder":"off","_et_pb_old_content":"Une tulipe orange \u00e9clatante orn\u00e9e d'une d\u00e9licate touche de pluie, photographi\u00e9e \u00e0 Morges, en Suisse.","_et_gb_content_width":""},"product_brand":[333],"product_cat":[434,456,458,459,457,473],"product_tag":[629,630,634,637,638],"class_list":{"0":"post-12823","1":"product","2":"type-product","3":"status-publish","4":"has-post-thumbnail","6":"product_brand-romano-conte","7":"product_cat-photo-digitale","8":"product_cat-tirage-photo","9":"product_cat-alu-dibond-mat","10":"product_cat-alu-dibond-brillant","11":"product_cat-papier-baryta","12":"product_cat-toile","13":"product_tag-coucher-de-soleil","14":"product_tag-coucher-soleil-dore","15":"product_tag-lumiere-ombre","16":"product_tag-paysage-urbain","17":"product_tag-riviere","18":"product_shipping_class-colis-encombrants","20":"first","21":"instock","22":"sold-individually","23":"shipping-taxable","24":"purchasable","25":"product-type-variable"},"yoast_head":"<!-- This site is optimized with the Yoast SEO plugin v26.7 - https:\/\/yoast.com\/wordpress\/plugins\/seo\/ -->\n<title>Sunset Vibes \u00e0 Bangkok - rc photography<\/title>\n<meta name=\"description\" content=\"Sunset Vibes \u00e0 Bangkok - Un moment inoubliable, o\u00f9 la ville et la rivi\u00e8re s&#039;illuminent dans une harmonie intemporelle. \u00c9dition limit\u00e9e Fine Art \u00a9 par romano conte photography\" \/>\n<meta name=\"robots\" content=\"index, follow, max-snippet:-1, max-image-preview:large, max-video-preview:-1\" \/>\n<link rel=\"canonical\" href=\"https:\/\/www.romanoconte.photos\/fr\/produit\/bangkok-sunset-vibes\/\" \/>\n<meta property=\"og:locale\" content=\"fr_FR\" \/>\n<meta property=\"og:type\" content=\"article\" \/>\n<meta property=\"og:title\" content=\"Sunset Vibes \u00e0 Bangkok\" \/>\n<meta property=\"og:description\" content=\"An unforgettable moment, where city and river glow in timeless harmony. \u00c9dition limit\u00e9e Fine Art \u00a9 par romano conte photography\" \/>\n<meta property=\"og:url\" content=\"https:\/\/www.romanoconte.photos\/fr\/produit\/bangkok-sunset-vibes\/\" \/>\n<meta property=\"og:site_name\" content=\"rc photography\" \/>\n<meta property=\"article:publisher\" content=\"https:\/\/www.facebook.com\/sig.romanoconte\" \/>\n<meta property=\"article:modified_time\" content=\"2025-11-01T17:08:06+00:00\" \/>\n<meta property=\"og:image\" content=\"https:\/\/www.romanoconte.photos\/wp-content\/uploads\/2025\/10\/Bangkok-Sunset-Vibes-1024x683.jpg\" \/>\n<meta name=\"twitter:card\" content=\"summary_large_image\" \/>\n<script type=\"application\/ld+json\" class=\"yoast-schema-graph\">{\"@context\":\"https:\/\/schema.org\",\"@graph\":[{\"@type\":\"WebPage\",\"@id\":\"https:\/\/www.romanoconte.photos\/fr\/produit\/bangkok-sunset-vibes\/\",\"url\":\"https:\/\/www.romanoconte.photos\/fr\/produit\/bangkok-sunset-vibes\/\",\"name\":\"Sunset Vibes \u00e0 Bangkok - rc photography\",\"isPartOf\":{\"@id\":\"https:\/\/www.romanoconte.photos\/fr\/#website\"},\"primaryImageOfPage\":{\"@id\":\"https:\/\/www.romanoconte.photos\/fr\/produit\/bangkok-sunset-vibes\/#primaryimage\"},\"image\":{\"@id\":\"https:\/\/www.romanoconte.photos\/fr\/produit\/bangkok-sunset-vibes\/#primaryimage\"},\"thumbnailUrl\":\"https:\/\/www.romanoconte.photos\/wp-content\/uploads\/2025\/10\/Bangkok-Sunset-Vibes.jpg\",\"datePublished\":\"2025-10-01T15:26:09+00:00\",\"dateModified\":\"2025-11-01T17:08:06+00:00\",\"description\":\"Sunset Vibes \u00e0 Bangkok - Un moment inoubliable, o\u00f9 la ville et la rivi\u00e8re s'illuminent dans une harmonie intemporelle. \u00c9dition limit\u00e9e Fine Art \u00a9 par romano conte photography\",\"breadcrumb\":{\"@id\":\"https:\/\/www.romanoconte.photos\/fr\/produit\/bangkok-sunset-vibes\/#breadcrumb\"},\"inLanguage\":\"fr-FR\",\"potentialAction\":[{\"@type\":\"ReadAction\",\"target\":[\"https:\/\/www.romanoconte.photos\/fr\/produit\/bangkok-sunset-vibes\/\"]}]},{\"@type\":\"ImageObject\",\"inLanguage\":\"fr-FR\",\"@id\":\"https:\/\/www.romanoconte.photos\/fr\/produit\/bangkok-sunset-vibes\/#primaryimage\",\"url\":\"https:\/\/www.romanoconte.photos\/wp-content\/uploads\/2025\/10\/Bangkok-Sunset-Vibes.jpg\",\"contentUrl\":\"https:\/\/www.romanoconte.photos\/wp-content\/uploads\/2025\/10\/Bangkok-Sunset-Vibes.jpg\",\"width\":3070,\"height\":2048,\"caption\":\"Bangkok Sunset Vibes - Fine Art Limited Edition \u00a9 by romano conte photography\"},{\"@type\":\"BreadcrumbList\",\"@id\":\"https:\/\/www.romanoconte.photos\/fr\/produit\/bangkok-sunset-vibes\/#breadcrumb\",\"itemListElement\":[{\"@type\":\"ListItem\",\"position\":1,\"name\":\"Home\",\"item\":\"https:\/\/www.romanoconte.photos\/fr\/\"},{\"@type\":\"ListItem\",\"position\":2,\"name\":\"BOUTIQUE EXCLUSIVE\",\"item\":\"https:\/\/www.romanoconte.photos\/fr\/shop\/\"},{\"@type\":\"ListItem\",\"position\":3,\"name\":\"Sunset Vibes \u00e0 Bangkok\"}]},{\"@type\":\"WebSite\",\"@id\":\"https:\/\/www.romanoconte.photos\/fr\/#website\",\"url\":\"https:\/\/www.romanoconte.photos\/fr\/\",\"name\":\"romano conte photography\",\"description\":\"romano conte photography \u2014 turning light into art\",\"publisher\":{\"@id\":\"https:\/\/www.romanoconte.photos\/fr\/#\/schema\/person\/85d150e840fd19dc4bf50a90aea7d41e\"},\"alternateName\":\"rc photography\",\"potentialAction\":[{\"@type\":\"SearchAction\",\"target\":{\"@type\":\"EntryPoint\",\"urlTemplate\":\"https:\/\/www.romanoconte.photos\/fr\/?s={search_term_string}\"},\"query-input\":{\"@type\":\"PropertyValueSpecification\",\"valueRequired\":true,\"valueName\":\"search_term_string\"}}],\"inLanguage\":\"fr-FR\"},{\"@type\":[\"Person\",\"Organization\"],\"@id\":\"https:\/\/www.romanoconte.photos\/fr\/#\/schema\/person\/85d150e840fd19dc4bf50a90aea7d41e\",\"name\":\"romano conte\",\"image\":{\"@type\":\"ImageObject\",\"inLanguage\":\"fr-FR\",\"@id\":\"https:\/\/www.romanoconte.photos\/fr\/#\/schema\/person\/image\/\",\"url\":\"https:\/\/www.romanoconte.photos\/wp-content\/uploads\/2025\/09\/RC-SIGN-ORANGE-wFlashSml.webp\",\"contentUrl\":\"https:\/\/www.romanoconte.photos\/wp-content\/uploads\/2025\/09\/RC-SIGN-ORANGE-wFlashSml.webp\",\"width\":746,\"height\":163,\"caption\":\"romano conte\"},\"logo\":{\"@id\":\"https:\/\/www.romanoconte.photos\/fr\/#\/schema\/person\/image\/\"},\"description\":\"Inspired by light, I capture fragile instants that only exist once before vanishing forever. What remains are fragments of space and time, framed for those who seek more than just images. This is not simply photography for decoration. It is a pursuit of the unrepeatable \u2014 a dialogue with silence, time, and light itself. I have chosen to share this passion openly, presenting here a curated collection of my photographic artwork. And if you pause here, perhaps the light has found you, too. Enjoy the journey!\",\"sameAs\":[\"https:\/\/www.romanoconte.photos\",\"https:\/\/www.facebook.com\/sig.romanoconte\",\"https:\/\/www.instagram.com\/sig.romanoconte\/\"]}]}<\/script>\n<!-- \/ Yoast SEO plugin. -->","yoast_head_json":{"title":"Sunset Vibes \u00e0 Bangkok - rc photography","description":"Sunset Vibes \u00e0 Bangkok - Un moment inoubliable, o\u00f9 la ville et la rivi\u00e8re s'illuminent dans une harmonie intemporelle. \u00c9dition limit\u00e9e Fine Art \u00a9 par romano conte photography","robots":{"index":"index","follow":"follow","max-snippet":"max-snippet:-1","max-image-preview":"max-image-preview:large","max-video-preview":"max-video-preview:-1"},"canonical":"https:\/\/www.romanoconte.photos\/fr\/produit\/bangkok-sunset-vibes\/","og_locale":"fr_FR","og_type":"article","og_title":"Sunset Vibes \u00e0 Bangkok","og_description":"An unforgettable moment, where city and river glow in timeless harmony. \u00c9dition limit\u00e9e Fine Art \u00a9 par romano conte photography","og_url":"https:\/\/www.romanoconte.photos\/fr\/produit\/bangkok-sunset-vibes\/","og_site_name":"rc photography","article_publisher":"https:\/\/www.facebook.com\/sig.romanoconte","article_modified_time":"2025-11-01T17:08:06+00:00","og_image":[{"url":"https:\/\/www.romanoconte.photos\/wp-content\/uploads\/2025\/10\/Bangkok-Sunset-Vibes-1024x683.jpg","type":"","width":"","height":""}],"twitter_card":"summary_large_image","schema":{"@context":"https:\/\/schema.org","@graph":[{"@type":"WebPage","@id":"https:\/\/www.romanoconte.photos\/fr\/produit\/bangkok-sunset-vibes\/","url":"https:\/\/www.romanoconte.photos\/fr\/produit\/bangkok-sunset-vibes\/","name":"Sunset Vibes \u00e0 Bangkok - rc photography","isPartOf":{"@id":"https:\/\/www.romanoconte.photos\/fr\/#website"},"primaryImageOfPage":{"@id":"https:\/\/www.romanoconte.photos\/fr\/produit\/bangkok-sunset-vibes\/#primaryimage"},"image":{"@id":"https:\/\/www.romanoconte.photos\/fr\/produit\/bangkok-sunset-vibes\/#primaryimage"},"thumbnailUrl":"https:\/\/www.romanoconte.photos\/wp-content\/uploads\/2025\/10\/Bangkok-Sunset-Vibes.jpg","datePublished":"2025-10-01T15:26:09+00:00","dateModified":"2025-11-01T17:08:06+00:00","description":"Sunset Vibes \u00e0 Bangkok - Un moment inoubliable, o\u00f9 la ville et la rivi\u00e8re s'illuminent dans une harmonie intemporelle. \u00c9dition limit\u00e9e Fine Art \u00a9 par romano conte photography","breadcrumb":{"@id":"https:\/\/www.romanoconte.photos\/fr\/produit\/bangkok-sunset-vibes\/#breadcrumb"},"inLanguage":"fr-FR","potentialAction":[{"@type":"ReadAction","target":["https:\/\/www.romanoconte.photos\/fr\/produit\/bangkok-sunset-vibes\/"]}]},{"@type":"ImageObject","inLanguage":"fr-FR","@id":"https:\/\/www.romanoconte.photos\/fr\/produit\/bangkok-sunset-vibes\/#primaryimage","url":"https:\/\/www.romanoconte.photos\/wp-content\/uploads\/2025\/10\/Bangkok-Sunset-Vibes.jpg","contentUrl":"https:\/\/www.romanoconte.photos\/wp-content\/uploads\/2025\/10\/Bangkok-Sunset-Vibes.jpg","width":3070,"height":2048,"caption":"Bangkok Sunset Vibes - Fine Art Limited Edition \u00a9 by romano conte photography"},{"@type":"BreadcrumbList","@id":"https:\/\/www.romanoconte.photos\/fr\/produit\/bangkok-sunset-vibes\/#breadcrumb","itemListElement":[{"@type":"ListItem","position":1,"name":"Home","item":"https:\/\/www.romanoconte.photos\/fr\/"},{"@type":"ListItem","position":2,"name":"BOUTIQUE EXCLUSIVE","item":"https:\/\/www.romanoconte.photos\/fr\/shop\/"},{"@type":"ListItem","position":3,"name":"Sunset Vibes \u00e0 Bangkok"}]},{"@type":"WebSite","@id":"https:\/\/www.romanoconte.photos\/fr\/#website","url":"https:\/\/www.romanoconte.photos\/fr\/","name":"romano conte photography","description":"romano conte photography \u2014 turning light into art","publisher":{"@id":"https:\/\/www.romanoconte.photos\/fr\/#\/schema\/person\/85d150e840fd19dc4bf50a90aea7d41e"},"alternateName":"rc photography","potentialAction":[{"@type":"SearchAction","target":{"@type":"EntryPoint","urlTemplate":"https:\/\/www.romanoconte.photos\/fr\/?s={search_term_string}"},"query-input":{"@type":"PropertyValueSpecification","valueRequired":true,"valueName":"search_term_string"}}],"inLanguage":"fr-FR"},{"@type":["Person","Organization"],"@id":"https:\/\/www.romanoconte.photos\/fr\/#\/schema\/person\/85d150e840fd19dc4bf50a90aea7d41e","name":"romano conte","image":{"@type":"ImageObject","inLanguage":"fr-FR","@id":"https:\/\/www.romanoconte.photos\/fr\/#\/schema\/person\/image\/","url":"https:\/\/www.romanoconte.photos\/wp-content\/uploads\/2025\/09\/RC-SIGN-ORANGE-wFlashSml.webp","contentUrl":"https:\/\/www.romanoconte.photos\/wp-content\/uploads\/2025\/09\/RC-SIGN-ORANGE-wFlashSml.webp","width":746,"height":163,"caption":"romano conte"},"logo":{"@id":"https:\/\/www.romanoconte.photos\/fr\/#\/schema\/person\/image\/"},"description":"Inspired by light, I capture fragile instants that only exist once before vanishing forever. What remains are fragments of space and time, framed for those who seek more than just images. This is not simply photography for decoration. It is a pursuit of the unrepeatable \u2014 a dialogue with silence, time, and light itself. I have chosen to share this passion openly, presenting here a curated collection of my photographic artwork. And if you pause here, perhaps the light has found you, too. Enjoy the journey!","sameAs":["https:\/\/www.romanoconte.photos","https:\/\/www.facebook.com\/sig.romanoconte","https:\/\/www.instagram.com\/sig.romanoconte\/"]}]}},"_links":{"self":[{"href":"https:\/\/www.romanoconte.photos\/fr\/wp-json\/wp\/v2\/product\/12823","targetHints":{"allow":["GET"]}}],"collection":[{"href":"https:\/\/www.romanoconte.photos\/fr\/wp-json\/wp\/v2\/product"}],"about":[{"href":"https:\/\/www.romanoconte.photos\/fr\/wp-json\/wp\/v2\/types\/product"}],"wp:featuredmedia":[{"embeddable":true,"href":"https:\/\/www.romanoconte.photos\/fr\/wp-json\/wp\/v2\/media\/12858"}],"wp:attachment":[{"href":"https:\/\/www.romanoconte.photos\/fr\/wp-json\/wp\/v2\/media?parent=12823"}],"wp:term":[{"taxonomy":"product_brand","embeddable":true,"href":"https:\/\/www.romanoconte.photos\/fr\/wp-json\/wp\/v2\/product_brand?post=12823"},{"taxonomy":"product_cat","embeddable":true,"href":"https:\/\/www.romanoconte.photos\/fr\/wp-json\/wp\/v2\/product_cat?post=12823"},{"taxonomy":"product_tag","embeddable":true,"href":"https:\/\/www.romanoconte.photos\/fr\/wp-json\/wp\/v2\/product_tag?post=12823"}],"curies":[{"name":"wp","href":"https:\/\/api.w.org\/{rel}","templated":true}]}}