{"id":13391,"date":"2025-10-23T13:01:59","date_gmt":"2025-10-23T11:01:59","guid":{"rendered":"https:\/\/www.romanoconte.photos\/?post_type=product&#038;p=13391"},"modified":"2025-11-01T18:20:21","modified_gmt":"2025-11-01T17:20:21","slug":"golden-heart-paris","status":"publish","type":"product","link":"https:\/\/www.romanoconte.photos\/fr\/produit\/golden-heart-paris\/","title":{"rendered":"Au c\u0153ur dor\u00e9 de Paris"},"content":{"rendered":"<p>Le nombre de tirages est strictement limit\u00e9 \u00e0 10 dans le monde entier pour chaque format, disponible en 90\u00d760 cm, 75\u00d750 cm, 60\u00d740 cm, 45\u00d730 cm ou 30\u00d720 cm (rapport 3:2). Chaque \u0153uvre est r\u00e9alis\u00e9e sur du Alu-Dibond (brillant ou mat), du papier Baryta ou de la toile de qualit\u00e9 mus\u00e9ale, et peut \u00e9galement \u00eatre acquise sous forme de t\u00e9l\u00e9chargement num\u00e9rique.  Chaque tirage est accompagn\u00e9 d&rsquo;un Certificat d&rsquo;authenticit\u00e9 (\u00e0 l\u2019exclusion des t\u00e9l\u00e9chargements num\u00e9riques). \u00c9dition limit\u00e9e Fine Art \u00a9 par romano conte photography<\/p>\n<input class=\"fooboxshare_post_id\" type=\"hidden\" value=\"13391\"\/>","protected":false},"excerpt":{"rendered":"<p>La Tour Eiffel s&rsquo;illumine dans la nuit de Paris, capturant l&rsquo;\u00e9l\u00e9gance intemporelle et le battement de c\u0153ur radieux de la ville. Disponible en \u00e9dition limit\u00e9e \u00e0 10 exemplaires.<\/p>\n","protected":false},"featured_media":13714,"template":"","meta":{"_et_pb_use_builder":"off","_et_pb_old_content":"Un instant \u00e9ternis\u00e9 d'une promenade \u00e0 travers la Galerie Vittorio Emanuele II \u00e0 Milan, Italie.","_et_gb_content_width":""},"product_brand":[333],"product_cat":[434,456,458,459,457,473],"product_tag":[642,634,637,655],"class_list":{"0":"post-13391","1":"product","2":"type-product","3":"status-publish","4":"has-post-thumbnail","6":"product_brand-romano-conte","7":"product_cat-photo-digitale","8":"product_cat-tirage-photo","9":"product_cat-alu-dibond-mat","10":"product_cat-alu-dibond-brillant","11":"product_cat-papier-baryta","12":"product_cat-toile","13":"product_tag-batiment-structure","14":"product_tag-lumiere-ombre","15":"product_tag-paysage-urbain","16":"product_tag-photo-nuit","17":"product_shipping_class-colis-encombrants","19":"first","20":"instock","21":"sold-individually","22":"shipping-taxable","23":"purchasable","24":"product-type-variable"},"yoast_head":"<!-- This site is optimized with the Yoast SEO plugin v26.7 - https:\/\/yoast.com\/wordpress\/plugins\/seo\/ -->\n<title>Au c\u0153ur dor\u00e9 de Paris - rc photography<\/title>\n<meta name=\"description\" content=\"Au c\u0153ur dor\u00e9 de Paris - Tour Eiffel illumin\u00e9e dans la nuit de Paris, \u00e9l\u00e9gance intemporelle et esprit lumineux. \u00c9dition limit\u00e9e Fine Art \u00a9 par romano conte photography\" \/>\n<meta name=\"robots\" content=\"index, follow, max-snippet:-1, max-image-preview:large, max-video-preview:-1\" \/>\n<link rel=\"canonical\" href=\"https:\/\/www.romanoconte.photos\/fr\/produit\/golden-heart-paris\/\" \/>\n<meta property=\"og:locale\" content=\"fr_FR\" \/>\n<meta property=\"og:type\" content=\"article\" \/>\n<meta property=\"og:title\" content=\"Au c\u0153ur dor\u00e9 de Paris\" \/>\n<meta property=\"og:description\" content=\"La Tour Eiffel s&#039;illumine dans la nuit de Paris, capturant l&#039;\u00e9l\u00e9gance intemporelle et le battement de c\u0153ur radieux de la ville. \u00c9dition limit\u00e9e Fine Art \u00a9 par romano conte photography\" \/>\n<meta property=\"og:url\" content=\"https:\/\/www.romanoconte.photos\/fr\/produit\/golden-heart-paris\/\" \/>\n<meta property=\"og:site_name\" content=\"rc photography\" \/>\n<meta property=\"article:publisher\" content=\"https:\/\/www.facebook.com\/sig.romanoconte\" \/>\n<meta property=\"article:modified_time\" content=\"2025-11-01T17:20:21+00:00\" \/>\n<meta property=\"og:image\" content=\"https:\/\/www.romanoconte.photos\/wp-content\/uploads\/2025\/10\/romano-conte-photography-fine-art-print-Golden-Heart-of-Paris-683x1024.jpg\" \/>\n\t<meta property=\"og:image:width\" content=\"683\" \/>\n\t<meta property=\"og:image:height\" content=\"1024\" \/>\n\t<meta property=\"og:image:type\" content=\"image\/jpeg\" \/>\n<meta name=\"twitter:card\" content=\"summary_large_image\" \/>\n<meta name=\"twitter:label1\" content=\"Dur\u00e9e de lecture estim\u00e9e\" \/>\n\t<meta name=\"twitter:data1\" content=\"1 minute\" \/>\n<script type=\"application\/ld+json\" class=\"yoast-schema-graph\">{\"@context\":\"https:\/\/schema.org\",\"@graph\":[{\"@type\":\"WebPage\",\"@id\":\"https:\/\/www.romanoconte.photos\/fr\/produit\/golden-heart-paris\/\",\"url\":\"https:\/\/www.romanoconte.photos\/fr\/produit\/golden-heart-paris\/\",\"name\":\"Au c\u0153ur dor\u00e9 de Paris - rc photography\",\"isPartOf\":{\"@id\":\"https:\/\/www.romanoconte.photos\/fr\/#website\"},\"primaryImageOfPage\":{\"@id\":\"https:\/\/www.romanoconte.photos\/fr\/produit\/golden-heart-paris\/#primaryimage\"},\"image\":{\"@id\":\"https:\/\/www.romanoconte.photos\/fr\/produit\/golden-heart-paris\/#primaryimage\"},\"thumbnailUrl\":\"https:\/\/www.romanoconte.photos\/wp-content\/uploads\/2025\/10\/romano-conte-photography-fine-art-print-Golden-Heart-of-Paris.jpg\",\"datePublished\":\"2025-10-23T11:01:59+00:00\",\"dateModified\":\"2025-11-01T17:20:21+00:00\",\"description\":\"Au c\u0153ur dor\u00e9 de Paris - Tour Eiffel illumin\u00e9e dans la nuit de Paris, \u00e9l\u00e9gance intemporelle et esprit lumineux. \u00c9dition limit\u00e9e Fine Art \u00a9 par romano conte photography\",\"breadcrumb\":{\"@id\":\"https:\/\/www.romanoconte.photos\/fr\/produit\/golden-heart-paris\/#breadcrumb\"},\"inLanguage\":\"fr-FR\",\"potentialAction\":[{\"@type\":\"ReadAction\",\"target\":[\"https:\/\/www.romanoconte.photos\/fr\/produit\/golden-heart-paris\/\"]}]},{\"@type\":\"ImageObject\",\"inLanguage\":\"fr-FR\",\"@id\":\"https:\/\/www.romanoconte.photos\/fr\/produit\/golden-heart-paris\/#primaryimage\",\"url\":\"https:\/\/www.romanoconte.photos\/wp-content\/uploads\/2025\/10\/romano-conte-photography-fine-art-print-Golden-Heart-of-Paris.jpg\",\"contentUrl\":\"https:\/\/www.romanoconte.photos\/wp-content\/uploads\/2025\/10\/romano-conte-photography-fine-art-print-Golden-Heart-of-Paris.jpg\",\"width\":2048,\"height\":3072,\"caption\":\"\u00c9dition limit\u00e9e Fine Art \u00a9 par romano conte photography - Au c\u0153ur dor\u00e9 de Paris\"},{\"@type\":\"BreadcrumbList\",\"@id\":\"https:\/\/www.romanoconte.photos\/fr\/produit\/golden-heart-paris\/#breadcrumb\",\"itemListElement\":[{\"@type\":\"ListItem\",\"position\":1,\"name\":\"Home\",\"item\":\"https:\/\/www.romanoconte.photos\/fr\/\"},{\"@type\":\"ListItem\",\"position\":2,\"name\":\"BOUTIQUE EXCLUSIVE\",\"item\":\"https:\/\/www.romanoconte.photos\/fr\/shop\/\"},{\"@type\":\"ListItem\",\"position\":3,\"name\":\"Au c\u0153ur dor\u00e9 de Paris\"}]},{\"@type\":\"WebSite\",\"@id\":\"https:\/\/www.romanoconte.photos\/fr\/#website\",\"url\":\"https:\/\/www.romanoconte.photos\/fr\/\",\"name\":\"romano conte photography\",\"description\":\"romano conte photography \u2014 turning light into art\",\"publisher\":{\"@id\":\"https:\/\/www.romanoconte.photos\/fr\/#\/schema\/person\/85d150e840fd19dc4bf50a90aea7d41e\"},\"alternateName\":\"rc photography\",\"potentialAction\":[{\"@type\":\"SearchAction\",\"target\":{\"@type\":\"EntryPoint\",\"urlTemplate\":\"https:\/\/www.romanoconte.photos\/fr\/?s={search_term_string}\"},\"query-input\":{\"@type\":\"PropertyValueSpecification\",\"valueRequired\":true,\"valueName\":\"search_term_string\"}}],\"inLanguage\":\"fr-FR\"},{\"@type\":[\"Person\",\"Organization\"],\"@id\":\"https:\/\/www.romanoconte.photos\/fr\/#\/schema\/person\/85d150e840fd19dc4bf50a90aea7d41e\",\"name\":\"romano conte\",\"image\":{\"@type\":\"ImageObject\",\"inLanguage\":\"fr-FR\",\"@id\":\"https:\/\/www.romanoconte.photos\/fr\/#\/schema\/person\/image\/\",\"url\":\"https:\/\/www.romanoconte.photos\/wp-content\/uploads\/2025\/09\/RC-SIGN-ORANGE-wFlashSml.webp\",\"contentUrl\":\"https:\/\/www.romanoconte.photos\/wp-content\/uploads\/2025\/09\/RC-SIGN-ORANGE-wFlashSml.webp\",\"width\":746,\"height\":163,\"caption\":\"romano conte\"},\"logo\":{\"@id\":\"https:\/\/www.romanoconte.photos\/fr\/#\/schema\/person\/image\/\"},\"description\":\"Inspired by light, I capture fragile instants that only exist once before vanishing forever. What remains are fragments of space and time, framed for those who seek more than just images. This is not simply photography for decoration. It is a pursuit of the unrepeatable \u2014 a dialogue with silence, time, and light itself. I have chosen to share this passion openly, presenting here a curated collection of my photographic artwork. And if you pause here, perhaps the light has found you, too. Enjoy the journey!\",\"sameAs\":[\"https:\/\/www.romanoconte.photos\",\"https:\/\/www.facebook.com\/sig.romanoconte\",\"https:\/\/www.instagram.com\/sig.romanoconte\/\"]}]}<\/script>\n<!-- \/ Yoast SEO plugin. -->","yoast_head_json":{"title":"Au c\u0153ur dor\u00e9 de Paris - rc photography","description":"Au c\u0153ur dor\u00e9 de Paris - Tour Eiffel illumin\u00e9e dans la nuit de Paris, \u00e9l\u00e9gance intemporelle et esprit lumineux. \u00c9dition limit\u00e9e Fine Art \u00a9 par romano conte photography","robots":{"index":"index","follow":"follow","max-snippet":"max-snippet:-1","max-image-preview":"max-image-preview:large","max-video-preview":"max-video-preview:-1"},"canonical":"https:\/\/www.romanoconte.photos\/fr\/produit\/golden-heart-paris\/","og_locale":"fr_FR","og_type":"article","og_title":"Au c\u0153ur dor\u00e9 de Paris","og_description":"La Tour Eiffel s'illumine dans la nuit de Paris, capturant l'\u00e9l\u00e9gance intemporelle et le battement de c\u0153ur radieux de la ville. \u00c9dition limit\u00e9e Fine Art \u00a9 par romano conte photography","og_url":"https:\/\/www.romanoconte.photos\/fr\/produit\/golden-heart-paris\/","og_site_name":"rc photography","article_publisher":"https:\/\/www.facebook.com\/sig.romanoconte","article_modified_time":"2025-11-01T17:20:21+00:00","og_image":[{"width":683,"height":1024,"url":"https:\/\/www.romanoconte.photos\/wp-content\/uploads\/2025\/10\/romano-conte-photography-fine-art-print-Golden-Heart-of-Paris-683x1024.jpg","type":"image\/jpeg"}],"twitter_card":"summary_large_image","twitter_misc":{"Dur\u00e9e de lecture estim\u00e9e":"1 minute"},"schema":{"@context":"https:\/\/schema.org","@graph":[{"@type":"WebPage","@id":"https:\/\/www.romanoconte.photos\/fr\/produit\/golden-heart-paris\/","url":"https:\/\/www.romanoconte.photos\/fr\/produit\/golden-heart-paris\/","name":"Au c\u0153ur dor\u00e9 de Paris - rc photography","isPartOf":{"@id":"https:\/\/www.romanoconte.photos\/fr\/#website"},"primaryImageOfPage":{"@id":"https:\/\/www.romanoconte.photos\/fr\/produit\/golden-heart-paris\/#primaryimage"},"image":{"@id":"https:\/\/www.romanoconte.photos\/fr\/produit\/golden-heart-paris\/#primaryimage"},"thumbnailUrl":"https:\/\/www.romanoconte.photos\/wp-content\/uploads\/2025\/10\/romano-conte-photography-fine-art-print-Golden-Heart-of-Paris.jpg","datePublished":"2025-10-23T11:01:59+00:00","dateModified":"2025-11-01T17:20:21+00:00","description":"Au c\u0153ur dor\u00e9 de Paris - Tour Eiffel illumin\u00e9e dans la nuit de Paris, \u00e9l\u00e9gance intemporelle et esprit lumineux. \u00c9dition limit\u00e9e Fine Art \u00a9 par romano conte photography","breadcrumb":{"@id":"https:\/\/www.romanoconte.photos\/fr\/produit\/golden-heart-paris\/#breadcrumb"},"inLanguage":"fr-FR","potentialAction":[{"@type":"ReadAction","target":["https:\/\/www.romanoconte.photos\/fr\/produit\/golden-heart-paris\/"]}]},{"@type":"ImageObject","inLanguage":"fr-FR","@id":"https:\/\/www.romanoconte.photos\/fr\/produit\/golden-heart-paris\/#primaryimage","url":"https:\/\/www.romanoconte.photos\/wp-content\/uploads\/2025\/10\/romano-conte-photography-fine-art-print-Golden-Heart-of-Paris.jpg","contentUrl":"https:\/\/www.romanoconte.photos\/wp-content\/uploads\/2025\/10\/romano-conte-photography-fine-art-print-Golden-Heart-of-Paris.jpg","width":2048,"height":3072,"caption":"\u00c9dition limit\u00e9e Fine Art \u00a9 par romano conte photography - Au c\u0153ur dor\u00e9 de Paris"},{"@type":"BreadcrumbList","@id":"https:\/\/www.romanoconte.photos\/fr\/produit\/golden-heart-paris\/#breadcrumb","itemListElement":[{"@type":"ListItem","position":1,"name":"Home","item":"https:\/\/www.romanoconte.photos\/fr\/"},{"@type":"ListItem","position":2,"name":"BOUTIQUE EXCLUSIVE","item":"https:\/\/www.romanoconte.photos\/fr\/shop\/"},{"@type":"ListItem","position":3,"name":"Au c\u0153ur dor\u00e9 de Paris"}]},{"@type":"WebSite","@id":"https:\/\/www.romanoconte.photos\/fr\/#website","url":"https:\/\/www.romanoconte.photos\/fr\/","name":"romano conte photography","description":"romano conte photography \u2014 turning light into art","publisher":{"@id":"https:\/\/www.romanoconte.photos\/fr\/#\/schema\/person\/85d150e840fd19dc4bf50a90aea7d41e"},"alternateName":"rc photography","potentialAction":[{"@type":"SearchAction","target":{"@type":"EntryPoint","urlTemplate":"https:\/\/www.romanoconte.photos\/fr\/?s={search_term_string}"},"query-input":{"@type":"PropertyValueSpecification","valueRequired":true,"valueName":"search_term_string"}}],"inLanguage":"fr-FR"},{"@type":["Person","Organization"],"@id":"https:\/\/www.romanoconte.photos\/fr\/#\/schema\/person\/85d150e840fd19dc4bf50a90aea7d41e","name":"romano conte","image":{"@type":"ImageObject","inLanguage":"fr-FR","@id":"https:\/\/www.romanoconte.photos\/fr\/#\/schema\/person\/image\/","url":"https:\/\/www.romanoconte.photos\/wp-content\/uploads\/2025\/09\/RC-SIGN-ORANGE-wFlashSml.webp","contentUrl":"https:\/\/www.romanoconte.photos\/wp-content\/uploads\/2025\/09\/RC-SIGN-ORANGE-wFlashSml.webp","width":746,"height":163,"caption":"romano conte"},"logo":{"@id":"https:\/\/www.romanoconte.photos\/fr\/#\/schema\/person\/image\/"},"description":"Inspired by light, I capture fragile instants that only exist once before vanishing forever. What remains are fragments of space and time, framed for those who seek more than just images. This is not simply photography for decoration. It is a pursuit of the unrepeatable \u2014 a dialogue with silence, time, and light itself. I have chosen to share this passion openly, presenting here a curated collection of my photographic artwork. And if you pause here, perhaps the light has found you, too. Enjoy the journey!","sameAs":["https:\/\/www.romanoconte.photos","https:\/\/www.facebook.com\/sig.romanoconte","https:\/\/www.instagram.com\/sig.romanoconte\/"]}]}},"_links":{"self":[{"href":"https:\/\/www.romanoconte.photos\/fr\/wp-json\/wp\/v2\/product\/13391","targetHints":{"allow":["GET"]}}],"collection":[{"href":"https:\/\/www.romanoconte.photos\/fr\/wp-json\/wp\/v2\/product"}],"about":[{"href":"https:\/\/www.romanoconte.photos\/fr\/wp-json\/wp\/v2\/types\/product"}],"wp:featuredmedia":[{"embeddable":true,"href":"https:\/\/www.romanoconte.photos\/fr\/wp-json\/wp\/v2\/media\/13714"}],"wp:attachment":[{"href":"https:\/\/www.romanoconte.photos\/fr\/wp-json\/wp\/v2\/media?parent=13391"}],"wp:term":[{"taxonomy":"product_brand","embeddable":true,"href":"https:\/\/www.romanoconte.photos\/fr\/wp-json\/wp\/v2\/product_brand?post=13391"},{"taxonomy":"product_cat","embeddable":true,"href":"https:\/\/www.romanoconte.photos\/fr\/wp-json\/wp\/v2\/product_cat?post=13391"},{"taxonomy":"product_tag","embeddable":true,"href":"https:\/\/www.romanoconte.photos\/fr\/wp-json\/wp\/v2\/product_tag?post=13391"}],"curies":[{"name":"wp","href":"https:\/\/api.w.org\/{rel}","templated":true}]}}