{"id":13456,"date":"2025-10-23T13:19:31","date_gmt":"2025-10-23T11:19:31","guid":{"rendered":"https:\/\/www.romanoconte.photos\/?post_type=product&#038;p=13456"},"modified":"2025-11-01T18:01:27","modified_gmt":"2025-11-01T17:01:27","slug":"mbs","status":"publish","type":"product","link":"https:\/\/www.romanoconte.photos\/fr\/produit\/mbs\/","title":{"rendered":"H\u00f4tel MBS Marina Bays Sands"},"content":{"rendered":"<p>Le nombre de tirages est strictement limit\u00e9 \u00e0 10 dans le monde entier pour chaque format, disponible en 60\u00d790 cm, 50\u00d775 cm, 40\u00d760 cm, 30\u00d745 cm ou 20\u00d730 cm (rapport 2:3). Chaque \u0153uvre est r\u00e9alis\u00e9e sur du Alu-Dibond (brillant ou mat), du papier Baryta ou de la toile de qualit\u00e9 mus\u00e9ale, et peut \u00e9galement \u00eatre acquise sous forme de t\u00e9l\u00e9chargement num\u00e9rique.  Chaque tirage est accompagn\u00e9 d&rsquo;un Certificat d&rsquo;authenticit\u00e9 (\u00e0 l\u2019exclusion des t\u00e9l\u00e9chargements num\u00e9riques). \u00c9dition limit\u00e9e Fine Art \u00a9 par romano conte photography<\/p>\n<input class=\"fooboxshare_post_id\" type=\"hidden\" value=\"13456\"\/>","protected":false},"excerpt":{"rendered":"<p>Marina Bay Sands rayonne sur Singapour \u2013 o\u00f9 la lumi\u00e8re, la r\u00e9flexion et l&rsquo;\u00e9l\u00e9gance moderne s&rsquo;unissent dans la brillance. Disponible en \u00e9dition limit\u00e9e \u00e0 10 exemplaires.<\/p>\n","protected":false},"featured_media":13499,"template":"","meta":{"_et_pb_use_builder":"off","_et_pb_old_content":"Une tulipe orange \u00e9clatante orn\u00e9e d'une d\u00e9licate touche de pluie, photographi\u00e9e \u00e0 Morges, en Suisse.","_et_gb_content_width":""},"product_brand":[333],"product_cat":[434,456,458,459,457,473],"product_tag":[642,628,465,634,655],"class_list":{"0":"post-13456","1":"product","2":"type-product","3":"status-publish","4":"has-post-thumbnail","6":"product_brand-romano-conte","7":"product_cat-photo-digitale","8":"product_cat-tirage-photo","9":"product_cat-alu-dibond-mat","10":"product_cat-alu-dibond-brillant","11":"product_cat-papier-baryta","12":"product_cat-toile","13":"product_tag-batiment-structure","14":"product_tag-lac-mer","15":"product_tag-longue-exposition","16":"product_tag-lumiere-ombre","17":"product_tag-photo-nuit","18":"product_shipping_class-colis-encombrants","20":"first","21":"instock","22":"sold-individually","23":"shipping-taxable","24":"purchasable","25":"product-type-variable"},"yoast_head":"<!-- This site is optimized with the Yoast SEO plugin v26.7 - https:\/\/yoast.com\/wordpress\/plugins\/seo\/ -->\n<title>H\u00f4tel MBS Marina Bays Sands - rc photography<\/title>\n<meta name=\"description\" content=\"H\u00f4tel MBS Marina Bays Sands - brille sur Singapour - o\u00f9 la lumi\u00e8re et l&#039;\u00e9l\u00e9gance s&#039;unissent dans la brillance. \u00c9dition limit\u00e9e Fine Art \u00a9 par romano conte photography\" \/>\n<meta name=\"robots\" content=\"index, follow, max-snippet:-1, max-image-preview:large, max-video-preview:-1\" \/>\n<link rel=\"canonical\" href=\"https:\/\/www.romanoconte.photos\/fr\/produit\/mbs\/\" \/>\n<meta property=\"og:locale\" content=\"fr_FR\" \/>\n<meta property=\"og:type\" content=\"article\" \/>\n<meta property=\"og:title\" content=\"H\u00f4tel MBS Marina Bays Sands\" \/>\n<meta property=\"og:description\" content=\"Marina Bay Sands rayonne sur Singapour - o\u00f9 la lumi\u00e8re, la r\u00e9flexion et l&#039;\u00e9l\u00e9gance moderne s&#039;unissent dans la brillance. \u00c9dition limit\u00e9e Fine Art \u00a9 par romano conte photography\" \/>\n<meta property=\"og:url\" content=\"https:\/\/www.romanoconte.photos\/fr\/produit\/mbs\/\" \/>\n<meta property=\"og:site_name\" content=\"rc photography\" \/>\n<meta property=\"article:publisher\" content=\"https:\/\/www.facebook.com\/sig.romanoconte\" \/>\n<meta property=\"article:modified_time\" content=\"2025-11-01T17:01:27+00:00\" \/>\n<meta property=\"og:image\" content=\"https:\/\/www.romanoconte.photos\/wp-content\/uploads\/2025\/10\/romano-conte-photography-fine-art-print-MBS-Marina-Bays-Sands-Hotel-1024x683.jpg\" \/>\n\t<meta property=\"og:image:width\" content=\"1024\" \/>\n\t<meta property=\"og:image:height\" content=\"683\" \/>\n\t<meta property=\"og:image:type\" content=\"image\/jpeg\" \/>\n<meta name=\"twitter:card\" content=\"summary_large_image\" \/>\n<meta name=\"twitter:label1\" content=\"Dur\u00e9e de lecture estim\u00e9e\" \/>\n\t<meta name=\"twitter:data1\" content=\"1 minute\" \/>\n<script type=\"application\/ld+json\" class=\"yoast-schema-graph\">{\"@context\":\"https:\/\/schema.org\",\"@graph\":[{\"@type\":\"WebPage\",\"@id\":\"https:\/\/www.romanoconte.photos\/fr\/produit\/mbs\/\",\"url\":\"https:\/\/www.romanoconte.photos\/fr\/produit\/mbs\/\",\"name\":\"H\u00f4tel MBS Marina Bays Sands - rc photography\",\"isPartOf\":{\"@id\":\"https:\/\/www.romanoconte.photos\/fr\/#website\"},\"primaryImageOfPage\":{\"@id\":\"https:\/\/www.romanoconte.photos\/fr\/produit\/mbs\/#primaryimage\"},\"image\":{\"@id\":\"https:\/\/www.romanoconte.photos\/fr\/produit\/mbs\/#primaryimage\"},\"thumbnailUrl\":\"https:\/\/www.romanoconte.photos\/wp-content\/uploads\/2025\/10\/romano-conte-photography-fine-art-print-MBS-Marina-Bays-Sands-Hotel.jpg\",\"datePublished\":\"2025-10-23T11:19:31+00:00\",\"dateModified\":\"2025-11-01T17:01:27+00:00\",\"description\":\"H\u00f4tel MBS Marina Bays Sands - brille sur Singapour - o\u00f9 la lumi\u00e8re et l'\u00e9l\u00e9gance s'unissent dans la brillance. \u00c9dition limit\u00e9e Fine Art \u00a9 par romano conte photography\",\"breadcrumb\":{\"@id\":\"https:\/\/www.romanoconte.photos\/fr\/produit\/mbs\/#breadcrumb\"},\"inLanguage\":\"fr-FR\",\"potentialAction\":[{\"@type\":\"ReadAction\",\"target\":[\"https:\/\/www.romanoconte.photos\/fr\/produit\/mbs\/\"]}]},{\"@type\":\"ImageObject\",\"inLanguage\":\"fr-FR\",\"@id\":\"https:\/\/www.romanoconte.photos\/fr\/produit\/mbs\/#primaryimage\",\"url\":\"https:\/\/www.romanoconte.photos\/wp-content\/uploads\/2025\/10\/romano-conte-photography-fine-art-print-MBS-Marina-Bays-Sands-Hotel.jpg\",\"contentUrl\":\"https:\/\/www.romanoconte.photos\/wp-content\/uploads\/2025\/10\/romano-conte-photography-fine-art-print-MBS-Marina-Bays-Sands-Hotel.jpg\",\"width\":3071,\"height\":2048,\"caption\":\"\u00c9dition limit\u00e9e Fine Art \u00a9 par romano conte photography - H\u00f4tel MBS Marina Bays Sands\"},{\"@type\":\"BreadcrumbList\",\"@id\":\"https:\/\/www.romanoconte.photos\/fr\/produit\/mbs\/#breadcrumb\",\"itemListElement\":[{\"@type\":\"ListItem\",\"position\":1,\"name\":\"Home\",\"item\":\"https:\/\/www.romanoconte.photos\/fr\/\"},{\"@type\":\"ListItem\",\"position\":2,\"name\":\"BOUTIQUE EXCLUSIVE\",\"item\":\"https:\/\/www.romanoconte.photos\/fr\/shop\/\"},{\"@type\":\"ListItem\",\"position\":3,\"name\":\"H\u00f4tel MBS Marina Bays Sands\"}]},{\"@type\":\"WebSite\",\"@id\":\"https:\/\/www.romanoconte.photos\/fr\/#website\",\"url\":\"https:\/\/www.romanoconte.photos\/fr\/\",\"name\":\"romano conte photography\",\"description\":\"romano conte photography \u2014 turning light into art\",\"publisher\":{\"@id\":\"https:\/\/www.romanoconte.photos\/fr\/#\/schema\/person\/85d150e840fd19dc4bf50a90aea7d41e\"},\"alternateName\":\"rc photography\",\"potentialAction\":[{\"@type\":\"SearchAction\",\"target\":{\"@type\":\"EntryPoint\",\"urlTemplate\":\"https:\/\/www.romanoconte.photos\/fr\/?s={search_term_string}\"},\"query-input\":{\"@type\":\"PropertyValueSpecification\",\"valueRequired\":true,\"valueName\":\"search_term_string\"}}],\"inLanguage\":\"fr-FR\"},{\"@type\":[\"Person\",\"Organization\"],\"@id\":\"https:\/\/www.romanoconte.photos\/fr\/#\/schema\/person\/85d150e840fd19dc4bf50a90aea7d41e\",\"name\":\"romano conte\",\"image\":{\"@type\":\"ImageObject\",\"inLanguage\":\"fr-FR\",\"@id\":\"https:\/\/www.romanoconte.photos\/fr\/#\/schema\/person\/image\/\",\"url\":\"https:\/\/www.romanoconte.photos\/wp-content\/uploads\/2025\/09\/RC-SIGN-ORANGE-wFlashSml.webp\",\"contentUrl\":\"https:\/\/www.romanoconte.photos\/wp-content\/uploads\/2025\/09\/RC-SIGN-ORANGE-wFlashSml.webp\",\"width\":746,\"height\":163,\"caption\":\"romano conte\"},\"logo\":{\"@id\":\"https:\/\/www.romanoconte.photos\/fr\/#\/schema\/person\/image\/\"},\"description\":\"Inspired by light, I capture fragile instants that only exist once before vanishing forever. What remains are fragments of space and time, framed for those who seek more than just images. This is not simply photography for decoration. It is a pursuit of the unrepeatable \u2014 a dialogue with silence, time, and light itself. I have chosen to share this passion openly, presenting here a curated collection of my photographic artwork. And if you pause here, perhaps the light has found you, too. Enjoy the journey!\",\"sameAs\":[\"https:\/\/www.romanoconte.photos\",\"https:\/\/www.facebook.com\/sig.romanoconte\",\"https:\/\/www.instagram.com\/sig.romanoconte\/\"]}]}<\/script>\n<!-- \/ Yoast SEO plugin. -->","yoast_head_json":{"title":"H\u00f4tel MBS Marina Bays Sands - rc photography","description":"H\u00f4tel MBS Marina Bays Sands - brille sur Singapour - o\u00f9 la lumi\u00e8re et l'\u00e9l\u00e9gance s'unissent dans la brillance. \u00c9dition limit\u00e9e Fine Art \u00a9 par romano conte photography","robots":{"index":"index","follow":"follow","max-snippet":"max-snippet:-1","max-image-preview":"max-image-preview:large","max-video-preview":"max-video-preview:-1"},"canonical":"https:\/\/www.romanoconte.photos\/fr\/produit\/mbs\/","og_locale":"fr_FR","og_type":"article","og_title":"H\u00f4tel MBS Marina Bays Sands","og_description":"Marina Bay Sands rayonne sur Singapour - o\u00f9 la lumi\u00e8re, la r\u00e9flexion et l'\u00e9l\u00e9gance moderne s'unissent dans la brillance. \u00c9dition limit\u00e9e Fine Art \u00a9 par romano conte photography","og_url":"https:\/\/www.romanoconte.photos\/fr\/produit\/mbs\/","og_site_name":"rc photography","article_publisher":"https:\/\/www.facebook.com\/sig.romanoconte","article_modified_time":"2025-11-01T17:01:27+00:00","og_image":[{"width":1024,"height":683,"url":"https:\/\/www.romanoconte.photos\/wp-content\/uploads\/2025\/10\/romano-conte-photography-fine-art-print-MBS-Marina-Bays-Sands-Hotel-1024x683.jpg","type":"image\/jpeg"}],"twitter_card":"summary_large_image","twitter_misc":{"Dur\u00e9e de lecture estim\u00e9e":"1 minute"},"schema":{"@context":"https:\/\/schema.org","@graph":[{"@type":"WebPage","@id":"https:\/\/www.romanoconte.photos\/fr\/produit\/mbs\/","url":"https:\/\/www.romanoconte.photos\/fr\/produit\/mbs\/","name":"H\u00f4tel MBS Marina Bays Sands - rc photography","isPartOf":{"@id":"https:\/\/www.romanoconte.photos\/fr\/#website"},"primaryImageOfPage":{"@id":"https:\/\/www.romanoconte.photos\/fr\/produit\/mbs\/#primaryimage"},"image":{"@id":"https:\/\/www.romanoconte.photos\/fr\/produit\/mbs\/#primaryimage"},"thumbnailUrl":"https:\/\/www.romanoconte.photos\/wp-content\/uploads\/2025\/10\/romano-conte-photography-fine-art-print-MBS-Marina-Bays-Sands-Hotel.jpg","datePublished":"2025-10-23T11:19:31+00:00","dateModified":"2025-11-01T17:01:27+00:00","description":"H\u00f4tel MBS Marina Bays Sands - brille sur Singapour - o\u00f9 la lumi\u00e8re et l'\u00e9l\u00e9gance s'unissent dans la brillance. \u00c9dition limit\u00e9e Fine Art \u00a9 par romano conte photography","breadcrumb":{"@id":"https:\/\/www.romanoconte.photos\/fr\/produit\/mbs\/#breadcrumb"},"inLanguage":"fr-FR","potentialAction":[{"@type":"ReadAction","target":["https:\/\/www.romanoconte.photos\/fr\/produit\/mbs\/"]}]},{"@type":"ImageObject","inLanguage":"fr-FR","@id":"https:\/\/www.romanoconte.photos\/fr\/produit\/mbs\/#primaryimage","url":"https:\/\/www.romanoconte.photos\/wp-content\/uploads\/2025\/10\/romano-conte-photography-fine-art-print-MBS-Marina-Bays-Sands-Hotel.jpg","contentUrl":"https:\/\/www.romanoconte.photos\/wp-content\/uploads\/2025\/10\/romano-conte-photography-fine-art-print-MBS-Marina-Bays-Sands-Hotel.jpg","width":3071,"height":2048,"caption":"\u00c9dition limit\u00e9e Fine Art \u00a9 par romano conte photography - H\u00f4tel MBS Marina Bays Sands"},{"@type":"BreadcrumbList","@id":"https:\/\/www.romanoconte.photos\/fr\/produit\/mbs\/#breadcrumb","itemListElement":[{"@type":"ListItem","position":1,"name":"Home","item":"https:\/\/www.romanoconte.photos\/fr\/"},{"@type":"ListItem","position":2,"name":"BOUTIQUE EXCLUSIVE","item":"https:\/\/www.romanoconte.photos\/fr\/shop\/"},{"@type":"ListItem","position":3,"name":"H\u00f4tel MBS Marina Bays Sands"}]},{"@type":"WebSite","@id":"https:\/\/www.romanoconte.photos\/fr\/#website","url":"https:\/\/www.romanoconte.photos\/fr\/","name":"romano conte photography","description":"romano conte photography \u2014 turning light into art","publisher":{"@id":"https:\/\/www.romanoconte.photos\/fr\/#\/schema\/person\/85d150e840fd19dc4bf50a90aea7d41e"},"alternateName":"rc photography","potentialAction":[{"@type":"SearchAction","target":{"@type":"EntryPoint","urlTemplate":"https:\/\/www.romanoconte.photos\/fr\/?s={search_term_string}"},"query-input":{"@type":"PropertyValueSpecification","valueRequired":true,"valueName":"search_term_string"}}],"inLanguage":"fr-FR"},{"@type":["Person","Organization"],"@id":"https:\/\/www.romanoconte.photos\/fr\/#\/schema\/person\/85d150e840fd19dc4bf50a90aea7d41e","name":"romano conte","image":{"@type":"ImageObject","inLanguage":"fr-FR","@id":"https:\/\/www.romanoconte.photos\/fr\/#\/schema\/person\/image\/","url":"https:\/\/www.romanoconte.photos\/wp-content\/uploads\/2025\/09\/RC-SIGN-ORANGE-wFlashSml.webp","contentUrl":"https:\/\/www.romanoconte.photos\/wp-content\/uploads\/2025\/09\/RC-SIGN-ORANGE-wFlashSml.webp","width":746,"height":163,"caption":"romano conte"},"logo":{"@id":"https:\/\/www.romanoconte.photos\/fr\/#\/schema\/person\/image\/"},"description":"Inspired by light, I capture fragile instants that only exist once before vanishing forever. What remains are fragments of space and time, framed for those who seek more than just images. This is not simply photography for decoration. It is a pursuit of the unrepeatable \u2014 a dialogue with silence, time, and light itself. I have chosen to share this passion openly, presenting here a curated collection of my photographic artwork. And if you pause here, perhaps the light has found you, too. Enjoy the journey!","sameAs":["https:\/\/www.romanoconte.photos","https:\/\/www.facebook.com\/sig.romanoconte","https:\/\/www.instagram.com\/sig.romanoconte\/"]}]}},"_links":{"self":[{"href":"https:\/\/www.romanoconte.photos\/fr\/wp-json\/wp\/v2\/product\/13456","targetHints":{"allow":["GET"]}}],"collection":[{"href":"https:\/\/www.romanoconte.photos\/fr\/wp-json\/wp\/v2\/product"}],"about":[{"href":"https:\/\/www.romanoconte.photos\/fr\/wp-json\/wp\/v2\/types\/product"}],"wp:featuredmedia":[{"embeddable":true,"href":"https:\/\/www.romanoconte.photos\/fr\/wp-json\/wp\/v2\/media\/13499"}],"wp:attachment":[{"href":"https:\/\/www.romanoconte.photos\/fr\/wp-json\/wp\/v2\/media?parent=13456"}],"wp:term":[{"taxonomy":"product_brand","embeddable":true,"href":"https:\/\/www.romanoconte.photos\/fr\/wp-json\/wp\/v2\/product_brand?post=13456"},{"taxonomy":"product_cat","embeddable":true,"href":"https:\/\/www.romanoconte.photos\/fr\/wp-json\/wp\/v2\/product_cat?post=13456"},{"taxonomy":"product_tag","embeddable":true,"href":"https:\/\/www.romanoconte.photos\/fr\/wp-json\/wp\/v2\/product_tag?post=13456"}],"curies":[{"name":"wp","href":"https:\/\/api.w.org\/{rel}","templated":true}]}}