{"id":14277,"date":"2025-11-02T10:10:01","date_gmt":"2025-11-02T09:10:01","guid":{"rendered":"https:\/\/www.romanoconte.photos\/?post_type=product&#038;p=14277"},"modified":"2025-11-02T10:40:45","modified_gmt":"2025-11-02T09:40:45","slug":"framed-view-florence","status":"publish","type":"product","link":"https:\/\/www.romanoconte.photos\/fr\/produit\/framed-view-florence\/","title":{"rendered":"Vue encadr\u00e9e de Florence"},"content":{"rendered":"<p>Les tirages sont strictement limit\u00e9s \u00e0 10 exemplaires dans le monde pour chaque format, disponible en 80\u00d760 cm, 60\u00d745 cm, 40\u00d730 cm ou 28\u00d721 cm (rapport 4:3). Chaque \u0153uvre est r\u00e9alis\u00e9e sur du papier Alu-Dibond (brillant ou mat), du papier Baryta ou de la toile de qualit\u00e9 mus\u00e9ale, et peut \u00e9galement \u00eatre acquise sous forme de t\u00e9l\u00e9chargement num\u00e9rique.  Chaque tirage est accompagn\u00e9 d&rsquo;un Certificat d&rsquo;authenticit\u00e9 (\u00e0 l\u2019exclusion des t\u00e9l\u00e9chargements num\u00e9riques). \u00c9dition limit\u00e9e Fine Art \u00a9 par romano conte photography<\/p>\n<input class=\"fooboxshare_post_id\" type=\"hidden\" value=\"14277\"\/>","protected":false},"excerpt":{"rendered":"<p>Florence, baign\u00e9e de lumi\u00e8re et d&rsquo;histoire, rend un hommage serein \u00e0 l&rsquo;art intemporel de l&rsquo;Italie. Disponible en \u00e9dition limit\u00e9e \u00e0 10 exemplaires.<\/p>\n","protected":false},"featured_media":14299,"template":"","meta":{"_et_pb_use_builder":"off","_et_pb_old_content":"Un instant \u00e9ternis\u00e9 d'une promenade \u00e0 travers la Galerie Vittorio Emanuele II \u00e0 Milan, Italie.","_et_gb_content_width":""},"product_brand":[333],"product_cat":[434,456,458,459,457,473],"product_tag":[483,634,637,666],"class_list":{"0":"post-14277","1":"product","2":"type-product","3":"status-publish","4":"has-post-thumbnail","6":"product_brand-romano-conte","7":"product_cat-photo-digitale","8":"product_cat-tirage-photo","9":"product_cat-alu-dibond-mat","10":"product_cat-alu-dibond-brillant","11":"product_cat-papier-baryta","12":"product_cat-toile","13":"product_tag-flou-artistique","14":"product_tag-lumiere-ombre","15":"product_tag-paysage-urbain","16":"product_tag-perspective","17":"product_shipping_class-colis-encombrants","19":"first","20":"instock","21":"sold-individually","22":"shipping-taxable","23":"purchasable","24":"product-type-variable"},"yoast_head":"<!-- This site is optimized with the Yoast SEO plugin v26.7 - https:\/\/yoast.com\/wordpress\/plugins\/seo\/ -->\n<title>Vue encadr\u00e9e de Florence - rc photography<\/title>\n<meta name=\"description\" content=\"Vue encadr\u00e9e de Florence - La lumi\u00e8re toscane : harmonie entre art, histoire et beaut\u00e9 iconique intemporelle. \u00c9dition limit\u00e9e Fine Art \u00a9 par romano conte photography\" \/>\n<meta name=\"robots\" content=\"index, follow, max-snippet:-1, max-image-preview:large, max-video-preview:-1\" \/>\n<link rel=\"canonical\" href=\"https:\/\/www.romanoconte.photos\/fr\/produit\/framed-view-florence\/\" \/>\n<meta property=\"og:locale\" content=\"fr_FR\" \/>\n<meta property=\"og:type\" content=\"article\" \/>\n<meta property=\"og:title\" content=\"Vue encadr\u00e9e de Florence\" \/>\n<meta property=\"og:description\" content=\"Florence, baign\u00e9e de lumi\u00e8re et d&#039;histoire, rend un hommage serein \u00e0 l&#039;art intemporel de l&#039;Italie. \u00c9dition limit\u00e9e Fine Art \u00a9 par romano conte photography\" \/>\n<meta property=\"og:url\" content=\"https:\/\/www.romanoconte.photos\/fr\/produit\/framed-view-florence\/\" \/>\n<meta property=\"og:site_name\" content=\"rc photography\" \/>\n<meta property=\"article:publisher\" content=\"https:\/\/www.facebook.com\/sig.romanoconte\" \/>\n<meta property=\"article:modified_time\" content=\"2025-11-02T09:40:45+00:00\" \/>\n<meta property=\"og:image\" content=\"https:\/\/www.romanoconte.photos\/wp-content\/uploads\/2025\/11\/romano-conte-photography-fine-art-print-Framed-View-of-Florence-768x1024.jpg\" \/>\n\t<meta property=\"og:image:width\" content=\"768\" \/>\n\t<meta property=\"og:image:height\" content=\"1024\" \/>\n\t<meta property=\"og:image:type\" content=\"image\/jpeg\" \/>\n<meta name=\"twitter:card\" content=\"summary_large_image\" \/>\n<meta name=\"twitter:label1\" content=\"Dur\u00e9e de lecture estim\u00e9e\" \/>\n\t<meta name=\"twitter:data1\" content=\"1 minute\" \/>\n<script type=\"application\/ld+json\" class=\"yoast-schema-graph\">{\"@context\":\"https:\/\/schema.org\",\"@graph\":[{\"@type\":\"WebPage\",\"@id\":\"https:\/\/www.romanoconte.photos\/fr\/produit\/framed-view-florence\/\",\"url\":\"https:\/\/www.romanoconte.photos\/fr\/produit\/framed-view-florence\/\",\"name\":\"Vue encadr\u00e9e de Florence - rc photography\",\"isPartOf\":{\"@id\":\"https:\/\/www.romanoconte.photos\/fr\/#website\"},\"primaryImageOfPage\":{\"@id\":\"https:\/\/www.romanoconte.photos\/fr\/produit\/framed-view-florence\/#primaryimage\"},\"image\":{\"@id\":\"https:\/\/www.romanoconte.photos\/fr\/produit\/framed-view-florence\/#primaryimage\"},\"thumbnailUrl\":\"https:\/\/www.romanoconte.photos\/wp-content\/uploads\/2025\/11\/romano-conte-photography-fine-art-print-Framed-View-of-Florence.jpg\",\"datePublished\":\"2025-11-02T09:10:01+00:00\",\"dateModified\":\"2025-11-02T09:40:45+00:00\",\"description\":\"Vue encadr\u00e9e de Florence - La lumi\u00e8re toscane : harmonie entre art, histoire et beaut\u00e9 iconique intemporelle. \u00c9dition limit\u00e9e Fine Art \u00a9 par romano conte photography\",\"breadcrumb\":{\"@id\":\"https:\/\/www.romanoconte.photos\/fr\/produit\/framed-view-florence\/#breadcrumb\"},\"inLanguage\":\"fr-FR\",\"potentialAction\":[{\"@type\":\"ReadAction\",\"target\":[\"https:\/\/www.romanoconte.photos\/fr\/produit\/framed-view-florence\/\"]}]},{\"@type\":\"ImageObject\",\"inLanguage\":\"fr-FR\",\"@id\":\"https:\/\/www.romanoconte.photos\/fr\/produit\/framed-view-florence\/#primaryimage\",\"url\":\"https:\/\/www.romanoconte.photos\/wp-content\/uploads\/2025\/11\/romano-conte-photography-fine-art-print-Framed-View-of-Florence.jpg\",\"contentUrl\":\"https:\/\/www.romanoconte.photos\/wp-content\/uploads\/2025\/11\/romano-conte-photography-fine-art-print-Framed-View-of-Florence.jpg\",\"width\":2048,\"height\":2731,\"caption\":\"\u00c9dition limit\u00e9e Fine Art \u00a9 par romano conte photography - Vue encadr\u00e9e de Florence\"},{\"@type\":\"BreadcrumbList\",\"@id\":\"https:\/\/www.romanoconte.photos\/fr\/produit\/framed-view-florence\/#breadcrumb\",\"itemListElement\":[{\"@type\":\"ListItem\",\"position\":1,\"name\":\"Home\",\"item\":\"https:\/\/www.romanoconte.photos\/fr\/\"},{\"@type\":\"ListItem\",\"position\":2,\"name\":\"BOUTIQUE EXCLUSIVE\",\"item\":\"https:\/\/www.romanoconte.photos\/fr\/shop\/\"},{\"@type\":\"ListItem\",\"position\":3,\"name\":\"Vue encadr\u00e9e de Florence\"}]},{\"@type\":\"WebSite\",\"@id\":\"https:\/\/www.romanoconte.photos\/fr\/#website\",\"url\":\"https:\/\/www.romanoconte.photos\/fr\/\",\"name\":\"romano conte photography\",\"description\":\"romano conte photography \u2014 turning light into art\",\"publisher\":{\"@id\":\"https:\/\/www.romanoconte.photos\/fr\/#\/schema\/person\/85d150e840fd19dc4bf50a90aea7d41e\"},\"alternateName\":\"rc photography\",\"potentialAction\":[{\"@type\":\"SearchAction\",\"target\":{\"@type\":\"EntryPoint\",\"urlTemplate\":\"https:\/\/www.romanoconte.photos\/fr\/?s={search_term_string}\"},\"query-input\":{\"@type\":\"PropertyValueSpecification\",\"valueRequired\":true,\"valueName\":\"search_term_string\"}}],\"inLanguage\":\"fr-FR\"},{\"@type\":[\"Person\",\"Organization\"],\"@id\":\"https:\/\/www.romanoconte.photos\/fr\/#\/schema\/person\/85d150e840fd19dc4bf50a90aea7d41e\",\"name\":\"romano conte\",\"image\":{\"@type\":\"ImageObject\",\"inLanguage\":\"fr-FR\",\"@id\":\"https:\/\/www.romanoconte.photos\/fr\/#\/schema\/person\/image\/\",\"url\":\"https:\/\/www.romanoconte.photos\/wp-content\/uploads\/2025\/09\/RC-SIGN-ORANGE-wFlashSml.webp\",\"contentUrl\":\"https:\/\/www.romanoconte.photos\/wp-content\/uploads\/2025\/09\/RC-SIGN-ORANGE-wFlashSml.webp\",\"width\":746,\"height\":163,\"caption\":\"romano conte\"},\"logo\":{\"@id\":\"https:\/\/www.romanoconte.photos\/fr\/#\/schema\/person\/image\/\"},\"description\":\"Inspired by light, I capture fragile instants that only exist once before vanishing forever. What remains are fragments of space and time, framed for those who seek more than just images. This is not simply photography for decoration. It is a pursuit of the unrepeatable \u2014 a dialogue with silence, time, and light itself. I have chosen to share this passion openly, presenting here a curated collection of my photographic artwork. And if you pause here, perhaps the light has found you, too. Enjoy the journey!\",\"sameAs\":[\"https:\/\/www.romanoconte.photos\",\"https:\/\/www.facebook.com\/sig.romanoconte\",\"https:\/\/www.instagram.com\/sig.romanoconte\/\"]}]}<\/script>\n<!-- \/ Yoast SEO plugin. -->","yoast_head_json":{"title":"Vue encadr\u00e9e de Florence - rc photography","description":"Vue encadr\u00e9e de Florence - La lumi\u00e8re toscane : harmonie entre art, histoire et beaut\u00e9 iconique intemporelle. \u00c9dition limit\u00e9e Fine Art \u00a9 par romano conte photography","robots":{"index":"index","follow":"follow","max-snippet":"max-snippet:-1","max-image-preview":"max-image-preview:large","max-video-preview":"max-video-preview:-1"},"canonical":"https:\/\/www.romanoconte.photos\/fr\/produit\/framed-view-florence\/","og_locale":"fr_FR","og_type":"article","og_title":"Vue encadr\u00e9e de Florence","og_description":"Florence, baign\u00e9e de lumi\u00e8re et d'histoire, rend un hommage serein \u00e0 l'art intemporel de l'Italie. \u00c9dition limit\u00e9e Fine Art \u00a9 par romano conte photography","og_url":"https:\/\/www.romanoconte.photos\/fr\/produit\/framed-view-florence\/","og_site_name":"rc photography","article_publisher":"https:\/\/www.facebook.com\/sig.romanoconte","article_modified_time":"2025-11-02T09:40:45+00:00","og_image":[{"width":768,"height":1024,"url":"https:\/\/www.romanoconte.photos\/wp-content\/uploads\/2025\/11\/romano-conte-photography-fine-art-print-Framed-View-of-Florence-768x1024.jpg","type":"image\/jpeg"}],"twitter_card":"summary_large_image","twitter_misc":{"Dur\u00e9e de lecture estim\u00e9e":"1 minute"},"schema":{"@context":"https:\/\/schema.org","@graph":[{"@type":"WebPage","@id":"https:\/\/www.romanoconte.photos\/fr\/produit\/framed-view-florence\/","url":"https:\/\/www.romanoconte.photos\/fr\/produit\/framed-view-florence\/","name":"Vue encadr\u00e9e de Florence - rc photography","isPartOf":{"@id":"https:\/\/www.romanoconte.photos\/fr\/#website"},"primaryImageOfPage":{"@id":"https:\/\/www.romanoconte.photos\/fr\/produit\/framed-view-florence\/#primaryimage"},"image":{"@id":"https:\/\/www.romanoconte.photos\/fr\/produit\/framed-view-florence\/#primaryimage"},"thumbnailUrl":"https:\/\/www.romanoconte.photos\/wp-content\/uploads\/2025\/11\/romano-conte-photography-fine-art-print-Framed-View-of-Florence.jpg","datePublished":"2025-11-02T09:10:01+00:00","dateModified":"2025-11-02T09:40:45+00:00","description":"Vue encadr\u00e9e de Florence - La lumi\u00e8re toscane : harmonie entre art, histoire et beaut\u00e9 iconique intemporelle. \u00c9dition limit\u00e9e Fine Art \u00a9 par romano conte photography","breadcrumb":{"@id":"https:\/\/www.romanoconte.photos\/fr\/produit\/framed-view-florence\/#breadcrumb"},"inLanguage":"fr-FR","potentialAction":[{"@type":"ReadAction","target":["https:\/\/www.romanoconte.photos\/fr\/produit\/framed-view-florence\/"]}]},{"@type":"ImageObject","inLanguage":"fr-FR","@id":"https:\/\/www.romanoconte.photos\/fr\/produit\/framed-view-florence\/#primaryimage","url":"https:\/\/www.romanoconte.photos\/wp-content\/uploads\/2025\/11\/romano-conte-photography-fine-art-print-Framed-View-of-Florence.jpg","contentUrl":"https:\/\/www.romanoconte.photos\/wp-content\/uploads\/2025\/11\/romano-conte-photography-fine-art-print-Framed-View-of-Florence.jpg","width":2048,"height":2731,"caption":"\u00c9dition limit\u00e9e Fine Art \u00a9 par romano conte photography - Vue encadr\u00e9e de Florence"},{"@type":"BreadcrumbList","@id":"https:\/\/www.romanoconte.photos\/fr\/produit\/framed-view-florence\/#breadcrumb","itemListElement":[{"@type":"ListItem","position":1,"name":"Home","item":"https:\/\/www.romanoconte.photos\/fr\/"},{"@type":"ListItem","position":2,"name":"BOUTIQUE EXCLUSIVE","item":"https:\/\/www.romanoconte.photos\/fr\/shop\/"},{"@type":"ListItem","position":3,"name":"Vue encadr\u00e9e de Florence"}]},{"@type":"WebSite","@id":"https:\/\/www.romanoconte.photos\/fr\/#website","url":"https:\/\/www.romanoconte.photos\/fr\/","name":"romano conte photography","description":"romano conte photography \u2014 turning light into art","publisher":{"@id":"https:\/\/www.romanoconte.photos\/fr\/#\/schema\/person\/85d150e840fd19dc4bf50a90aea7d41e"},"alternateName":"rc photography","potentialAction":[{"@type":"SearchAction","target":{"@type":"EntryPoint","urlTemplate":"https:\/\/www.romanoconte.photos\/fr\/?s={search_term_string}"},"query-input":{"@type":"PropertyValueSpecification","valueRequired":true,"valueName":"search_term_string"}}],"inLanguage":"fr-FR"},{"@type":["Person","Organization"],"@id":"https:\/\/www.romanoconte.photos\/fr\/#\/schema\/person\/85d150e840fd19dc4bf50a90aea7d41e","name":"romano conte","image":{"@type":"ImageObject","inLanguage":"fr-FR","@id":"https:\/\/www.romanoconte.photos\/fr\/#\/schema\/person\/image\/","url":"https:\/\/www.romanoconte.photos\/wp-content\/uploads\/2025\/09\/RC-SIGN-ORANGE-wFlashSml.webp","contentUrl":"https:\/\/www.romanoconte.photos\/wp-content\/uploads\/2025\/09\/RC-SIGN-ORANGE-wFlashSml.webp","width":746,"height":163,"caption":"romano conte"},"logo":{"@id":"https:\/\/www.romanoconte.photos\/fr\/#\/schema\/person\/image\/"},"description":"Inspired by light, I capture fragile instants that only exist once before vanishing forever. What remains are fragments of space and time, framed for those who seek more than just images. This is not simply photography for decoration. It is a pursuit of the unrepeatable \u2014 a dialogue with silence, time, and light itself. I have chosen to share this passion openly, presenting here a curated collection of my photographic artwork. And if you pause here, perhaps the light has found you, too. Enjoy the journey!","sameAs":["https:\/\/www.romanoconte.photos","https:\/\/www.facebook.com\/sig.romanoconte","https:\/\/www.instagram.com\/sig.romanoconte\/"]}]}},"_links":{"self":[{"href":"https:\/\/www.romanoconte.photos\/fr\/wp-json\/wp\/v2\/product\/14277","targetHints":{"allow":["GET"]}}],"collection":[{"href":"https:\/\/www.romanoconte.photos\/fr\/wp-json\/wp\/v2\/product"}],"about":[{"href":"https:\/\/www.romanoconte.photos\/fr\/wp-json\/wp\/v2\/types\/product"}],"wp:featuredmedia":[{"embeddable":true,"href":"https:\/\/www.romanoconte.photos\/fr\/wp-json\/wp\/v2\/media\/14299"}],"wp:attachment":[{"href":"https:\/\/www.romanoconte.photos\/fr\/wp-json\/wp\/v2\/media?parent=14277"}],"wp:term":[{"taxonomy":"product_brand","embeddable":true,"href":"https:\/\/www.romanoconte.photos\/fr\/wp-json\/wp\/v2\/product_brand?post=14277"},{"taxonomy":"product_cat","embeddable":true,"href":"https:\/\/www.romanoconte.photos\/fr\/wp-json\/wp\/v2\/product_cat?post=14277"},{"taxonomy":"product_tag","embeddable":true,"href":"https:\/\/www.romanoconte.photos\/fr\/wp-json\/wp\/v2\/product_tag?post=14277"}],"curies":[{"name":"wp","href":"https:\/\/api.w.org\/{rel}","templated":true}]}}